{"id":7139,"date":"2024-02-23T08:55:13","date_gmt":"2024-02-23T08:55:13","guid":{"rendered":"https:\/\/akademie.dw.de\/tunisiamedia\/?page_id=7139"},"modified":"2024-04-10T09:42:53","modified_gmt":"2024-04-10T09:42:53","slug":"home","status":"publish","type":"page","link":"https:\/\/techsupport-dev.de\/tunisiamedia\/","title":{"rendered":"HOME"},"content":{"rendered":"\n<figure class=\"wp-block-image size-full\"><a href=\"https:\/\/akademie.dw.de\/tunisiamedia\/sma-call-2024\/\" target=\"_blank\" rel=\"noreferrer noopener\"><img loading=\"lazy\" decoding=\"async\" width=\"960\" height=\"540\" src=\"https:\/\/akademie.dw.de\/tunisiamedia\/wp-content\/uploads\/2024\/04\/SMA2024APPLYBUTTON.png\" alt=\"\" class=\"wp-image-7870\" srcset=\"https:\/\/techsupport-dev.de\/tunisiamedia\/wp-content\/uploads\/2024\/04\/SMA2024APPLYBUTTON.png 960w, https:\/\/techsupport-dev.de\/tunisiamedia\/wp-content\/uploads\/2024\/04\/SMA2024APPLYBUTTON-350x197.png 350w, https:\/\/techsupport-dev.de\/tunisiamedia\/wp-content\/uploads\/2024\/04\/SMA2024APPLYBUTTON-768x432.png 768w\" sizes=\"auto, (max-width: 767px) 89vw, (max-width: 1000px) 54vw, (max-width: 1071px) 543px, 580px\" \/><\/a><\/figure>\n\n\n\n<h3 class=\"wp-block-heading has-text-align-center\"><strong>Participez vite au <a href=\"https:\/\/akademie.dw.de\/tunisiamedia\/sma-call-2024\/\" target=\"_blank\" rel=\"noreferrer noopener\">SMART MEDIA ACCELERATOR 2024<\/a> !<br>Deadline : 30 avril 2024<\/strong> !<\/h3>\n\n\n\n<h3 class=\"wp-block-heading has-text-align-center\"><br><\/h3>\n\n\n\n<p><\/p>\n\n\n\n<p><\/p>\n\n\n\n<hr class=\"wp-block-separator has-alpha-channel-opacity\"\/>\n\n\n\n<p><\/p>\n\n\n\n<p><\/p>\n\n\n\n<figure class=\"wp-block-image size-full\"><img loading=\"lazy\" decoding=\"async\" width=\"1024\" height=\"576\" src=\"https:\/\/akademie.dw.de\/tunisiamedia\/wp-content\/uploads\/2024\/02\/DWA-SMA-Video_Abspanntafel_1024x576-FR-EU_Logo.png\" alt=\"\" class=\"wp-image-7313\" srcset=\"https:\/\/techsupport-dev.de\/tunisiamedia\/wp-content\/uploads\/2024\/02\/DWA-SMA-Video_Abspanntafel_1024x576-FR-EU_Logo.png 1024w, https:\/\/techsupport-dev.de\/tunisiamedia\/wp-content\/uploads\/2024\/02\/DWA-SMA-Video_Abspanntafel_1024x576-FR-EU_Logo-350x197.png 350w, https:\/\/techsupport-dev.de\/tunisiamedia\/wp-content\/uploads\/2024\/02\/DWA-SMA-Video_Abspanntafel_1024x576-FR-EU_Logo-768x432.png 768w, https:\/\/techsupport-dev.de\/tunisiamedia\/wp-content\/uploads\/2024\/02\/DWA-SMA-Video_Abspanntafel_1024x576-FR-EU_Logo-24x14.png 24w, https:\/\/techsupport-dev.de\/tunisiamedia\/wp-content\/uploads\/2024\/02\/DWA-SMA-Video_Abspanntafel_1024x576-FR-EU_Logo-36x20.png 36w, https:\/\/techsupport-dev.de\/tunisiamedia\/wp-content\/uploads\/2024\/02\/DWA-SMA-Video_Abspanntafel_1024x576-FR-EU_Logo-48x27.png 48w\" sizes=\"auto, (max-width: 767px) 89vw, (max-width: 1000px) 54vw, (max-width: 1071px) 543px, 580px\" \/><\/figure>\n\n\n\n<h2 class=\"wp-block-heading has-medium-font-size\">\u00cates-vous pr\u00eat.e \u00e0 faire passer votre m\u00e9dia au niveau sup\u00e9rieur ? <br>Alors rejoignez le SMART MEDIA ACCELERATOR !<\/h2>\n\n\n\n<p><\/p>\n\n\n\n<p>D\u00e9velopp\u00e9 par la DW Akademie, le centre de la Deutsche Welle pour le d\u00e9veloppement international des m\u00e9dias, la formation journalistique et le transfert de connaissances, le SMART MEDIA ACCELERATOR est une initiative pionni\u00e8re pour renforcer le journalisme de qualit\u00e9 en Tunisie. Il couvre tout le spectre des m\u00e9dias, des id\u00e9es naissantes et start-ups aux organisations bien \u00e9tablies et actives.<\/p>\n\n\n\n<p>Le SMART MEDIA ACCELERATOR s\u2019engage \u00e0 catalyser le d\u00e9veloppement des m\u00e9dias qu\u2019il soutient. Il propose des services pour aider porteurs de projets et entreprises \u00e0 faire les bons choix et parvenir \u00e0 une croissance rapide. V\u00e9ritable hub d\u2019excellence pour le journalisme de qualit\u00e9, le SMART MEDIA ACCELERATOR concentre ressources et expertise internationale pour en faire profiter les organisations qui s\u2019engagent dans ses programmes.<\/p>\n\n\n\n<p>Le SMART MEDIA ACCELERATOR \u0153uvre pour assurer la qualit\u00e9 journalistique, celle li\u00e9e \u00e0 la production de l\u2019information, tout autant que la qualit\u00e9 du fonctionnement du m\u00e9dia et de sa viabilit\u00e9.&nbsp;<\/p>\n\n\n\n<p>C\u2019est pourquoi le SMART MEDIA ACCELERATOR propose un renforcements de capacit\u00e9s sous la forme d\u2019ateliers pratiques, de mentorat, de conseils, ainsi qu\u2019un soutien plus large visant le d\u00e9veloppement organisationnel et strat\u00e9gique, l\u2019am\u00e9lioration des processus de travail internes ou encore une bonne gestion financi\u00e8re.&nbsp;<\/p>\n\n\n\n<p><\/p>\n\n\n\n<figure class=\"wp-block-image size-large is-resized\"><img loading=\"lazy\" decoding=\"async\" width=\"1024\" height=\"576\" src=\"https:\/\/akademie.dw.de\/tunisiamedia\/wp-content\/uploads\/2023\/07\/DWA-SMA-Dach-04-1024x576.png\" alt=\"\" class=\"wp-image-6834\" style=\"width:674px;height:auto\" srcset=\"https:\/\/techsupport-dev.de\/tunisiamedia\/wp-content\/uploads\/2023\/07\/DWA-SMA-Dach-04-1024x576.png 1024w, https:\/\/techsupport-dev.de\/tunisiamedia\/wp-content\/uploads\/2023\/07\/DWA-SMA-Dach-04-350x197.png 350w, https:\/\/techsupport-dev.de\/tunisiamedia\/wp-content\/uploads\/2023\/07\/DWA-SMA-Dach-04-768x432.png 768w, https:\/\/techsupport-dev.de\/tunisiamedia\/wp-content\/uploads\/2023\/07\/DWA-SMA-Dach-04-1536x864.png 1536w, https:\/\/techsupport-dev.de\/tunisiamedia\/wp-content\/uploads\/2023\/07\/DWA-SMA-Dach-04-2048x1152.png 2048w, https:\/\/techsupport-dev.de\/tunisiamedia\/wp-content\/uploads\/2023\/07\/DWA-SMA-Dach-04-24x14.png 24w, https:\/\/techsupport-dev.de\/tunisiamedia\/wp-content\/uploads\/2023\/07\/DWA-SMA-Dach-04-36x20.png 36w, https:\/\/techsupport-dev.de\/tunisiamedia\/wp-content\/uploads\/2023\/07\/DWA-SMA-Dach-04-48x27.png 48w\" sizes=\"auto, (max-width: 767px) 89vw, (max-width: 1000px) 54vw, (max-width: 1071px) 543px, 580px\" \/><\/figure>\n\n\n\n<p><\/p>\n\n\n\n<h2 class=\"wp-block-heading\">Deux programmes compl\u00e9mentaires<\/h2>\n\n\n\n<p>Le SMART MEDIA ACCELERATOR regroupe deux programmes : le programme d\u2019incubation MEDIA LOVES TECH, d\u00e9di\u00e9 \u00e0 de nouveaux projets m\u00e9dia, et le programme d\u2019acc\u00e9l\u00e9ration MEDIA PARCOURS, ax\u00e9 sur la croissance rapide des m\u00e9dias d\u00e9j\u00e0 \u00e9tablis.<\/p>\n\n\n\n<p><\/p>\n\n\n\n<p>Tous deux sont li\u00e9s et se compl\u00e8tent.<\/p>\n\n\n\n<div class=\"wp-block-media-text is-stacked-on-mobile\" style=\"grid-template-columns:21% auto\"><figure class=\"wp-block-media-text__media\"><img loading=\"lazy\" decoding=\"async\" width=\"176\" height=\"176\" src=\"https:\/\/akademie.dw.de\/tunisiamedia\/wp-content\/uploads\/2024\/02\/image-1.png\" alt=\"\" class=\"wp-image-7143 size-full\" srcset=\"https:\/\/techsupport-dev.de\/tunisiamedia\/wp-content\/uploads\/2024\/02\/image-1.png 176w, https:\/\/techsupport-dev.de\/tunisiamedia\/wp-content\/uploads\/2024\/02\/image-1-150x150.png 150w, https:\/\/techsupport-dev.de\/tunisiamedia\/wp-content\/uploads\/2024\/02\/image-1-100x100.png 100w, https:\/\/techsupport-dev.de\/tunisiamedia\/wp-content\/uploads\/2024\/02\/image-1-24x24.png 24w, https:\/\/techsupport-dev.de\/tunisiamedia\/wp-content\/uploads\/2024\/02\/image-1-36x36.png 36w, https:\/\/techsupport-dev.de\/tunisiamedia\/wp-content\/uploads\/2024\/02\/image-1-48x48.png 48w\" sizes=\"auto, (max-width: 176px) 100vw, 176px\" \/><\/figure><div class=\"wp-block-media-text__content\">\n<p>MEDIA LOVES TECH s\u2019adresse aux start-ups et aux id\u00e9es de projets m\u00e9dia en phase de d\u00e9marrage. Le programme aide \u00e0 valider des concepts ou \u00e0 pr\u00e9parer \u00e0 une mise sur le march\u00e9 (amor\u00e7age). Il appuie sur l\u2019aspect entrepreneurial du d\u00e9veloppement de projet.<\/p>\n<\/div><\/div>\n\n\n\n<div class=\"wp-block-media-text is-stacked-on-mobile\" style=\"grid-template-columns:21% auto\"><figure class=\"wp-block-media-text__media\"><img loading=\"lazy\" decoding=\"async\" width=\"173\" height=\"174\" src=\"https:\/\/akademie.dw.de\/tunisiamedia\/wp-content\/uploads\/2024\/02\/image-2.png\" alt=\"\" class=\"wp-image-7146 size-full\" srcset=\"https:\/\/techsupport-dev.de\/tunisiamedia\/wp-content\/uploads\/2024\/02\/image-2.png 173w, https:\/\/techsupport-dev.de\/tunisiamedia\/wp-content\/uploads\/2024\/02\/image-2-150x150.png 150w, https:\/\/techsupport-dev.de\/tunisiamedia\/wp-content\/uploads\/2024\/02\/image-2-100x100.png 100w, https:\/\/techsupport-dev.de\/tunisiamedia\/wp-content\/uploads\/2024\/02\/image-2-24x24.png 24w, https:\/\/techsupport-dev.de\/tunisiamedia\/wp-content\/uploads\/2024\/02\/image-2-36x36.png 36w, https:\/\/techsupport-dev.de\/tunisiamedia\/wp-content\/uploads\/2024\/02\/image-2-48x48.png 48w\" sizes=\"auto, (max-width: 173px) 100vw, 173px\" \/><\/figure><div class=\"wp-block-media-text__content\">\n<p>MEDIA PARCOURS fournit un soutien continu et renforce les m\u00e9dias d\u00e9j\u00e0 existants, dans leur croissance et leur capacit\u00e9 d\u2019innovation. L\u2019approche se veut ici plus globale en mettant l\u2019accent sur la viabilit\u00e9 et la p\u00e9rennit\u00e9 de l\u2019organisation.<\/p>\n<\/div><\/div>\n\n\n\n<p><\/p>\n\n\n\n<p>Le programme d\u2019incubation MEDIA LOVES TECH s\u2019\u00e9tend sur une p\u00e9riode de 3 mois, tandis que le programme d\u2019acc\u00e9l\u00e9ration MEDIA PARCOURS prend la forme d\u2019un accompagnement d\u2019une dur\u00e9e allant de 6 \u00e0 9 mois. Un m\u00eame m\u00e9dia peut profiter des deux programmes.<\/p>\n\n\n\n<figure class=\"wp-block-image size-large\"><img loading=\"lazy\" decoding=\"async\" width=\"1024\" height=\"683\" src=\"https:\/\/akademie.dw.de\/tunisiamedia\/wp-content\/uploads\/2023\/06\/DSC06605-1024x683.jpg\" alt=\"\" class=\"wp-image-6406\" srcset=\"https:\/\/techsupport-dev.de\/tunisiamedia\/wp-content\/uploads\/2023\/06\/DSC06605-1024x683.jpg 1024w, https:\/\/techsupport-dev.de\/tunisiamedia\/wp-content\/uploads\/2023\/06\/DSC06605-350x233.jpg 350w, https:\/\/techsupport-dev.de\/tunisiamedia\/wp-content\/uploads\/2023\/06\/DSC06605-768x512.jpg 768w, https:\/\/techsupport-dev.de\/tunisiamedia\/wp-content\/uploads\/2023\/06\/DSC06605-1536x1024.jpg 1536w, https:\/\/techsupport-dev.de\/tunisiamedia\/wp-content\/uploads\/2023\/06\/DSC06605-2048x1365.jpg 2048w, https:\/\/techsupport-dev.de\/tunisiamedia\/wp-content\/uploads\/2023\/06\/DSC06605-24x16.jpg 24w, https:\/\/techsupport-dev.de\/tunisiamedia\/wp-content\/uploads\/2023\/06\/DSC06605-36x24.jpg 36w, https:\/\/techsupport-dev.de\/tunisiamedia\/wp-content\/uploads\/2023\/06\/DSC06605-48x32.jpg 48w\" sizes=\"auto, (max-width: 767px) 89vw, (max-width: 1000px) 54vw, (max-width: 1071px) 543px, 580px\" \/><figcaption class=\"wp-element-caption\">Amel Saidane, la pr\u00e9sidente de <em>Tunisian&nbsp;Startups<\/em> avec des participants de MEDIA LOVES TECH en 2019 \u00e0 Tunis.<br>Cr\u00e9dit : MEDIA LOVES TECH<\/figcaption><\/figure>\n\n\n\n<h2 class=\"wp-block-heading\">L\u2019approche \u00ab smart \u00bb&nbsp;<\/h2>\n\n\n\n<p>L&rsquo;accompagnement est con\u00e7u \u00ab sur mesure \u00bb<strong> <\/strong>&nbsp;et se veut r\u00e9solument adapt\u00e9 aux besoins et aux objectifs individuels exprim\u00e9s par les m\u00e9dias, dans une perspective de durabilit\u00e9.<\/p>\n\n\n\n<p>Les deux programmes proposent un catalogue de services, certains obligatoires, d\u2019autres optionnels, d\u00e9finis conjointement par les organisations et notre \u00e9quipe d\u2019 expert.e.s.<\/p>\n\n\n\n<p>Par ailleurs, les deux programmes int\u00e8grent pleinement la dimension num\u00e9rique qui s\u2019est impos\u00e9e aux m\u00e9dias ces derni\u00e8res ann\u00e9es : la r\u00e9flexion sur la strat\u00e9gie num\u00e9rique \u00e0 adopter est au c\u0153ur de l\u2019accompagnement pour chaque m\u00e9dia engag\u00e9.&nbsp;<\/p>\n\n\n\n<p>Enfin, le design et le fonctionnement du SMART MEDIA ACCELERATOR sont eux-m\u00eames orient\u00e9s vers le num\u00e9rique. Les programmes s\u2019appuient pour cela sur un large nombre de ressources en ligne via la plateforme SMAx qui autorise un apprentissage personnalis\u00e9. L\u2019acc\u00e8s aux connaissances est compl\u00e9t\u00e9e par des activit\u00e9s pratiques, du mentorat, de coaching \u00ab \u00e0 la demande \u00bb, aussi bien online que offline.<\/p>\n\n\n\n<h2 class=\"wp-block-heading\">\u00c9tapes, objectifs et livrables&nbsp;<\/h2>\n\n\n\n<p>Chaque programme \u00e9tablit des \u00e9tapes et des objectifs clairement d\u00e9finis, avec des livrables qui facilitent le suivi et la visualisation des progr\u00e8s.<\/p>\n\n\n\n<p>Rendez-vous sur les pages <a href=\"https:\/\/akademie.dw.de\/tunisiamedia\/media-loves-tech\/\" target=\"_blank\" rel=\"noreferrer noopener\">MEDIA LOVES TECH<\/a> et <a href=\"https:\/\/akademie.dw.de\/tunisiamedia\/media-parcours\/\" target=\"_blank\" rel=\"noreferrer noopener\">MEDIA PARCOURS<\/a> pour en savoir plus.<\/p>\n\n\n\n<p>Et d\u00e9veloppez d\u00e8s \u00e0 pr\u00e9sent votre <strong>\u00ab <\/strong>smart media <strong>\u00bb !<\/strong><strong>&nbsp;<\/strong><\/p>\n\n\n\n<p><\/p>\n\n\n\n<p><em><strong>Le SMART MEDIA ACCELERATOR est une initiative de la DW Akademie, le centre de la Deutsche Welle pour le d\u00e9veloppement international des m\u00e9dias, la formation journalistique et le transfert de connaissances.<\/strong><\/em><\/p>\n\n\n\n<p><em><strong>Ce programme est financ\u00e9 par l\u2019Union europ\u00e9enne et par le minist\u00e8re f\u00e9d\u00e9ral allemand de la Coop\u00e9ration \u00e9conomique et du D\u00e9veloppement (BMZ).<\/strong><\/em><\/p>\n","protected":false},"excerpt":{"rendered":"<p>Participez vite au SMART MEDIA ACCELERATOR 2024 !Deadline : 30 avril 2024 ! \u00cates-vous pr\u00eat.e \u00e0 faire passer votre m\u00e9dia au niveau sup\u00e9rieur ? Alors rejoignez le SMART MEDIA ACCELERATOR ! D\u00e9velopp\u00e9 par la DW Akademie, le centre de la Deutsche Welle pour le d\u00e9veloppement international des m\u00e9dias, la formation journalistique et le transfert de &hellip; <\/p>\n<p class=\"link-more\"><a href=\"https:\/\/techsupport-dev.de\/tunisiamedia\/\" class=\"more-link\">Continuer la lecture<span class=\"screen-reader-text\"> de &laquo;&nbsp;HOME&nbsp;&raquo;<\/span><\/a><\/p>\n","protected":false},"author":13,"featured_media":0,"parent":0,"menu_order":0,"comment_status":"closed","ping_status":"closed","template":"","meta":{"_monsterinsights_skip_tracking":false,"_monsterinsights_sitenote_active":false,"_monsterinsights_sitenote_note":"","_monsterinsights_sitenote_category":0,"footnotes":""},"class_list":["post-7139","page","type-page","status-publish","hentry"],"_links":{"self":[{"href":"https:\/\/techsupport-dev.de\/tunisiamedia\/wp-json\/wp\/v2\/pages\/7139","targetHints":{"allow":["GET"]}}],"collection":[{"href":"https:\/\/techsupport-dev.de\/tunisiamedia\/wp-json\/wp\/v2\/pages"}],"about":[{"href":"https:\/\/techsupport-dev.de\/tunisiamedia\/wp-json\/wp\/v2\/types\/page"}],"author":[{"embeddable":true,"href":"https:\/\/techsupport-dev.de\/tunisiamedia\/wp-json\/wp\/v2\/users\/13"}],"replies":[{"embeddable":true,"href":"https:\/\/techsupport-dev.de\/tunisiamedia\/wp-json\/wp\/v2\/comments?post=7139"}],"version-history":[{"count":27,"href":"https:\/\/techsupport-dev.de\/tunisiamedia\/wp-json\/wp\/v2\/pages\/7139\/revisions"}],"predecessor-version":[{"id":7896,"href":"https:\/\/techsupport-dev.de\/tunisiamedia\/wp-json\/wp\/v2\/pages\/7139\/revisions\/7896"}],"wp:attachment":[{"href":"https:\/\/techsupport-dev.de\/tunisiamedia\/wp-json\/wp\/v2\/media?parent=7139"}],"curies":[{"name":"wp","href":"https:\/\/api.w.org\/{rel}","templated":true}]}}