{"id":7045,"date":"2023-10-02T13:43:13","date_gmt":"2023-10-02T13:43:13","guid":{"rendered":"https:\/\/akademie.dw.de\/tunisiamedia\/?page_id=7045"},"modified":"2024-03-09T21:29:43","modified_gmt":"2024-03-09T21:29:43","slug":"e-learning","status":"publish","type":"page","link":"https:\/\/techsupport-dev.de\/tunisiamedia\/e-learning\/","title":{"rendered":"E-LEARNING"},"content":{"rendered":"\n<h2 class=\"wp-block-heading\"><\/h2>\n\n\n\n<figure class=\"wp-block-image\"><img decoding=\"async\" src=\"https:\/\/lh7-us.googleusercontent.com\/kPWYuTWSQsKcaxwx2xEDx5A6cuQffGdyKTkWjpqIfE6W1icoXPS5gBtGyGUVw5IksDk0bx-WBmuPKRigXY17v2GhKZYdl6oEtGaHHNLB_miRxfbYmj9LiPbQRRDXpXHJUgzNBWUIRBxiSMnHRvNXVvQ\" alt=\"\"\/><\/figure>\n\n\n\n<h2 class=\"wp-block-heading\">Le SMART MEDIA ACCELERATOR, un programme avant tout\u2026 intelligent !<\/h2>\n\n\n\n<p><br><br>Les ressources fournies constituent la base sur laquelle les diff\u00e9rentes activit\u00e9s du projet sont construites. Les cours de formation en ligne disponibles sont adapt\u00e9s aux besoins des entreprises m\u00e9dia \u00e9mergentes qui composent l&rsquo;\u00e9cosyst\u00e8me tunisien.\u00a0<\/p>\n\n\n\n<p>Nous comprenons les difficult\u00e9s et les d\u00e9fis li\u00e9s \u00e0 la cr\u00e9ation et \u00e0 la gestion d\u2019une entreprise m\u00e9dia. C\u2019est pourquoi nos cours d\u2019apprentissage en ligne offrent la flexibilit\u00e9 n\u00e9cessaire pour acqu\u00e9rir toutes les comp\u00e9tences et connaissances requises, au rythme de chacun, en se concentrant sur les domaines o\u00f9 le d\u00e9veloppement est n\u00e9cessaire.<\/p>\n\n\n\n<p>Le SMART MEDIA ACCELERATOR propose une large gamme de contenus d\u2019apprentissage en ligne adapt\u00e9s au stade de d\u00e9veloppement de votre start-up ou de votre m\u00e9dia.\u00a0<\/p>\n\n\n\n<p><\/p>\n\n\n\n<figure class=\"wp-block-image size-large\"><a href=\"https:\/\/smax.lectful.com\/\" target=\"_blank\" rel=\"noreferrer noopener\"><img loading=\"lazy\" decoding=\"async\" width=\"1024\" height=\"573\" src=\"https:\/\/akademie.dw.de\/tunisiamedia\/wp-content\/uploads\/2024\/02\/SMAx_Screenshot-1024x573.png\" alt=\"\" class=\"wp-image-7237\" srcset=\"https:\/\/techsupport-dev.de\/tunisiamedia\/wp-content\/uploads\/2024\/02\/SMAx_Screenshot-1024x573.png 1024w, https:\/\/techsupport-dev.de\/tunisiamedia\/wp-content\/uploads\/2024\/02\/SMAx_Screenshot-350x196.png 350w, https:\/\/techsupport-dev.de\/tunisiamedia\/wp-content\/uploads\/2024\/02\/SMAx_Screenshot-768x430.png 768w, https:\/\/techsupport-dev.de\/tunisiamedia\/wp-content\/uploads\/2024\/02\/SMAx_Screenshot-1536x860.png 1536w, https:\/\/techsupport-dev.de\/tunisiamedia\/wp-content\/uploads\/2024\/02\/SMAx_Screenshot-24x13.png 24w, https:\/\/techsupport-dev.de\/tunisiamedia\/wp-content\/uploads\/2024\/02\/SMAx_Screenshot-36x20.png 36w, https:\/\/techsupport-dev.de\/tunisiamedia\/wp-content\/uploads\/2024\/02\/SMAx_Screenshot-48x27.png 48w, https:\/\/techsupport-dev.de\/tunisiamedia\/wp-content\/uploads\/2024\/02\/SMAx_Screenshot.png 1620w\" sizes=\"auto, (max-width: 767px) 89vw, (max-width: 1000px) 54vw, (max-width: 1071px) 543px, 580px\" \/><\/a><\/figure>\n\n\n\n<p>MEDIA LOVES TECH soutient le d\u00e9veloppement de start-ups et de prototypes m\u00e9dias en s\u2019appuyant sur <a href=\"https:\/\/smax.lectful.com\/\" data-type=\"link\" data-id=\"https:\/\/smax.lectful.com\/\" target=\"_blank\" rel=\"noreferrer noopener\">SMAx<\/a>, une plateforme regroupant des cours d\u2019apprentissage en ligne couvrant les th\u00e9mes essentiels pour tout\u00a0entrepreneur dans le domaine des m\u00e9dias, notamment la conception d&rsquo;entreprise et de produit, le mod\u00e8le d&rsquo;entreprise et les mod\u00e8les de revenus, ainsi que le pitching.<\/p>\n\n\n\n<p><\/p>\n\n\n\n<figure class=\"wp-block-image size-large\"><a href=\"https:\/\/mooc.lectful.com\/\" target=\"_blank\" rel=\"noreferrer noopener\"><img loading=\"lazy\" decoding=\"async\" width=\"1024\" height=\"597\" src=\"https:\/\/akademie.dw.de\/tunisiamedia\/wp-content\/uploads\/2024\/02\/MOOC_Screenshot-1024x597.png\" alt=\"\" class=\"wp-image-7240\" srcset=\"https:\/\/techsupport-dev.de\/tunisiamedia\/wp-content\/uploads\/2024\/02\/MOOC_Screenshot-1024x597.png 1024w, https:\/\/techsupport-dev.de\/tunisiamedia\/wp-content\/uploads\/2024\/02\/MOOC_Screenshot-350x204.png 350w, https:\/\/techsupport-dev.de\/tunisiamedia\/wp-content\/uploads\/2024\/02\/MOOC_Screenshot-768x448.png 768w, https:\/\/techsupport-dev.de\/tunisiamedia\/wp-content\/uploads\/2024\/02\/MOOC_Screenshot-24x14.png 24w, https:\/\/techsupport-dev.de\/tunisiamedia\/wp-content\/uploads\/2024\/02\/MOOC_Screenshot-36x21.png 36w, https:\/\/techsupport-dev.de\/tunisiamedia\/wp-content\/uploads\/2024\/02\/MOOC_Screenshot-48x28.png 48w, https:\/\/techsupport-dev.de\/tunisiamedia\/wp-content\/uploads\/2024\/02\/MOOC_Screenshot.png 1462w\" sizes=\"auto, (max-width: 767px) 89vw, (max-width: 1000px) 54vw, (max-width: 1071px) 543px, 580px\" \/><\/a><\/figure>\n\n\n\n<p>MEDIA PARCOURS aide les m\u00e9dias d\u00e9j\u00e0 \u00e9tablis \u00e0 acc\u00e9l\u00e9rer leur croissance. Apr\u00e8s avoir \u00e9labor\u00e9 une feuille de route sp\u00e9cifique, les m\u00e9dias suivent le <a href=\"https:\/\/mooc.lectful.com\/\" data-type=\"link\" data-id=\"https:\/\/mooc.lectful.com\/\" target=\"_blank\" rel=\"noreferrer noopener\">cours en ligne \u00ab Bases du journalisme \u00bb<\/a>, qui couvre les fondements du travail journalistique, tels que la recherche, l\u2019\u00e9thique, la v\u00e9rification des faits et les principes de la radio et du reportage multim\u00e9dia. C\u2019est le point de d\u00e9part id\u00e9al avant de passer \u00e0 la mise en pratique sur le terrain.<\/p>\n\n\n\n<p><\/p>\n\n\n\n<p>Par ailleurs, le site Smartmediaaccelerator.com est r\u00e9guli\u00e8rement mis \u00e0 jour avec de nouvelles ressources pr\u00e9cieuses pour les visiteurs int\u00e9ress\u00e9s par l\u2019entrepreneuriat m\u00e9dia.<\/p>\n","protected":false},"excerpt":{"rendered":"<p>Le SMART MEDIA ACCELERATOR, un programme avant tout\u2026 intelligent ! Les ressources fournies constituent la base sur laquelle les diff\u00e9rentes activit\u00e9s du projet sont construites. Les cours de formation en ligne disponibles sont adapt\u00e9s aux besoins des entreprises m\u00e9dia \u00e9mergentes qui composent l&rsquo;\u00e9cosyst\u00e8me tunisien.\u00a0 Nous comprenons les difficult\u00e9s et les d\u00e9fis li\u00e9s \u00e0 la cr\u00e9ation &hellip; <\/p>\n<p class=\"link-more\"><a href=\"https:\/\/techsupport-dev.de\/tunisiamedia\/e-learning\/\" class=\"more-link\">Continuer la lecture<span class=\"screen-reader-text\"> de &laquo;&nbsp;E-LEARNING&nbsp;&raquo;<\/span><\/a><\/p>\n","protected":false},"author":13,"featured_media":0,"parent":0,"menu_order":0,"comment_status":"closed","ping_status":"closed","template":"","meta":{"_monsterinsights_skip_tracking":false,"_monsterinsights_sitenote_active":false,"_monsterinsights_sitenote_note":"","_monsterinsights_sitenote_category":0,"footnotes":""},"class_list":["post-7045","page","type-page","status-publish","hentry"],"_links":{"self":[{"href":"https:\/\/techsupport-dev.de\/tunisiamedia\/wp-json\/wp\/v2\/pages\/7045","targetHints":{"allow":["GET"]}}],"collection":[{"href":"https:\/\/techsupport-dev.de\/tunisiamedia\/wp-json\/wp\/v2\/pages"}],"about":[{"href":"https:\/\/techsupport-dev.de\/tunisiamedia\/wp-json\/wp\/v2\/types\/page"}],"author":[{"embeddable":true,"href":"https:\/\/techsupport-dev.de\/tunisiamedia\/wp-json\/wp\/v2\/users\/13"}],"replies":[{"embeddable":true,"href":"https:\/\/techsupport-dev.de\/tunisiamedia\/wp-json\/wp\/v2\/comments?post=7045"}],"version-history":[{"count":17,"href":"https:\/\/techsupport-dev.de\/tunisiamedia\/wp-json\/wp\/v2\/pages\/7045\/revisions"}],"predecessor-version":[{"id":7553,"href":"https:\/\/techsupport-dev.de\/tunisiamedia\/wp-json\/wp\/v2\/pages\/7045\/revisions\/7553"}],"wp:attachment":[{"href":"https:\/\/techsupport-dev.de\/tunisiamedia\/wp-json\/wp\/v2\/media?parent=7045"}],"curies":[{"name":"wp","href":"https:\/\/api.w.org\/{rel}","templated":true}]}}