{"id":7017,"date":"2023-10-02T12:08:43","date_gmt":"2023-10-02T12:08:43","guid":{"rendered":"https:\/\/akademie.dw.de\/tunisiamedia\/resssources\/"},"modified":"2024-03-12T22:12:33","modified_gmt":"2024-03-12T22:12:33","slug":"ai-ressources","status":"publish","type":"page","link":"https:\/\/techsupport-dev.de\/tunisiamedia\/ai-ressources\/","title":{"rendered":"AI Ressources"},"content":{"rendered":"\n<h1 class=\"wp-block-heading\">Journalism Design<\/h1>\n\n\n\n<p><a href=\"https:\/\/journaldesignit.gumroad.com\/l\/IANewsrooms\">L\u2019AI dans les r\u00e9dactions<\/a><\/p>\n\n\n\n<p><a href=\"r\u00e9dactionhttps:\/www.emi.coop\/chatgpt-et-les-medias\/\">ChatGPT et les m\u00e9dias : anticiper l\u2019arriv\u00e9e de l\u2019IA dans une<\/a><\/p>\n\n\n\n<p><a href=\"https:\/\/www.meta-media.fr\/wp-content\/uploads\/sites\/33\/2023\/07\/metamedia-22-pages.pdf\">MedIAs dans les r\u00e9dactions<\/a><\/p>\n\n\n\n<p><a href=\"https:\/\/docs.google.com\/document\/d\/1kGhvIYIBnqPMIcMaHiIpKFsocySo7FL_EvB3kucF1Dc\/edit\">21 ateliers sur l&rsquo;IA pour les enseignants &#8211; Google Docs<\/a><\/p>\n\n\n\n<p><a href=\"https:\/\/larevuedesmedias.ina.fr\/chatgpt-intelligence-artificielle-medias-utilisations\">Intelligence artificielle et m\u00e9dias : cinq utilisations, au-del\u00e0 de ChatGPT | la revue des m\u00e9dias<\/a><\/p>\n\n\n\n<p><a href=\"https:\/\/ijnet.org\/fr\/story\/les-meilleurs-outils-d%E2%80%99ia-pour-lutter-contre-les-deepfakes\">Les meilleurs outils d\u2019IA pour lutter contre les deepfakes | R\u00e9seau international des journalistes<\/a><\/p>\n\n\n\n<p><a href=\"https:\/\/rsf.org\/fr\/rsf-lance-avec-ses-partenaires-une-commission-internationale-pour-une-charte-de-lia-dans-les\">RSF lance avec ses partenaires une commission internationale pour une \u201cCharte de l&rsquo;IA dans les m\u00e9dias\u201d<\/a><\/p>\n\n\n\n<h1 class=\"wp-block-heading\">Journalism AI<\/h1>\n\n\n\n<p><a href=\"https:\/\/www.lse.ac.uk\/media-and-communications\/polis\/JournalismAI\">About Journalism AI<\/a><\/p>\n\n\n\n<p><a href=\"https:\/\/www.journalismai.info\/research\/2023-generating-change\">JournalismAI&rsquo;s Generating Change Report 2023<\/a><\/p>\n\n\n\n<p><a href=\"https:\/\/www.ftstrategies.com\/journalismai-report-launch-recording\">JournalismAI Report Launch Recording | FT Strategies &#8211; Subscriptions consultancy from the Financial Times<\/a><\/p>\n\n\n\n<p><a href=\"https:\/\/rsf.org\/en\/ai-charter-media-10-individuals-and-6-additional-partner-organisations-join-rsf-first-working\">AI Charter for media RSF, DW et al<\/a><\/p>\n\n\n\n<p><a href=\"https:\/\/reutersinstitute.politics.ox.ac.uk\/news\/ai-and-journalism-whats-next\">AI and journalism: What&rsquo;s next? | Reuters Institute for the Study of Journalism<\/a><\/p>\n\n\n\n<h1 class=\"wp-block-heading\">Regional<\/h1>\n\n\n\n<p><a href=\"https:\/\/www.youtube.com\/watch?v=3E2UgM9Y5Lo\">Elyes Manai &#8211; The current state of AI in Tunisia<\/a><\/p>\n\n\n\n<p><a href=\"https:\/\/blog.witness.org\/wp-content\/uploads\/2023\/05\/Public-Report_-Fortifying-Community-Truth-in-the-Age-of-Generative-AI-and-Synthetic-Media-in-Africa-1.pdf\">Fortifying Community Truth in the Age of Generative AI and Synthetic Media in Africa<\/a><\/p>\n\n\n\n<p><a href=\"https:\/\/researchictafrica.net\/2023\/06\/27\/generating-buzz-how-can-local-newsrooms-in-africa-use-generative-ai-to-stay-ahead-of-the-curve\">How Can Local Newsrooms in Africa Use Generative AI to Stay Ahead of the Curve?<\/a><\/p>\n\n\n\n<p><a href=\"https:\/\/www.dw.com\/de\/wie-geht-die-deutsche-welle-mit-generativer-ki-um\/a-66867285\">How does Deutsche Welle deal with generative AI (German)?<\/a><\/p>\n\n\n\n<h1 class=\"wp-block-heading\">Regulation<\/h1>\n\n\n\n<p><a href=\"https:\/\/algorithmwatch.org\/en\/algorithmwatch-demands-regulation-of-general-purpose-ai\/\">AlgorithmWatch demands the regulation of General Purpose AI in the AI Act<\/a><\/p>\n\n\n\n<p><a href=\"https:\/\/www.mckinsey.com\/capabilities\/quantumblack\/our-insights\/the-state-of-ai-in-2023-generative-ais-breakout-year\">Statistics: Generative AI\u2019s breakout year<\/a><\/p>\n\n\n\n<p><a href=\"https:\/\/www.rollingstone.com\/culture\/culture-features\/women-warnings-ai-danger-risk-before-chatgpt-1234804367\/\">These Women Tried to Warn Us About AI<\/a><\/p>\n\n\n\n<p><a href=\"https:\/\/dl.acm.org\/doi\/pdf\/10.1145\/3442188.3445922\">Gebrus Paper<\/a><\/p>\n\n\n\n<p><a href=\"https:\/\/llm-attacks.org\/\">Attacks on Large Language Models<\/a><\/p>\n\n\n\n<p><a href=\"https:\/\/blog.witness.org\/2023\/06\/using-generative-ai-for-human-rights-advocacy\/\">AI for Human Rights Advocacy<\/a><\/p>\n\n\n\n<p><a href=\"https:\/\/www.niemanlab.org\/2023\/07\/writing-guidelines-for-the-role-of-ai-in-your-newsroom-here-are-some-er-guidelines-for-that\/\">Guidelines for the role of AI in your newsroom<\/a><\/p>\n\n\n\n<h1 class=\"wp-block-heading\">Bias<\/h1>\n\n\n\n<p><a href=\"https:\/\/www.linkedin.com\/feed\/update\/urn:li:activity:7093201019790077952\/\">How AI Image Generators Make Bias Worse<\/a><\/p>\n","protected":false},"excerpt":{"rendered":"<p>Journalism Design L\u2019AI dans les r\u00e9dactions ChatGPT et les m\u00e9dias : anticiper l\u2019arriv\u00e9e de l\u2019IA dans une MedIAs dans les r\u00e9dactions 21 ateliers sur l&rsquo;IA pour les enseignants &#8211; Google Docs Intelligence artificielle et m\u00e9dias : cinq utilisations, au-del\u00e0 de ChatGPT | la revue des m\u00e9dias Les meilleurs outils d\u2019IA pour lutter contre les deepfakes &hellip; <\/p>\n<p class=\"link-more\"><a href=\"https:\/\/techsupport-dev.de\/tunisiamedia\/ai-ressources\/\" class=\"more-link\">Continuer la lecture<span class=\"screen-reader-text\"> de &laquo;&nbsp;AI Ressources&nbsp;&raquo;<\/span><\/a><\/p>\n","protected":false},"author":3,"featured_media":0,"parent":0,"menu_order":0,"comment_status":"closed","ping_status":"closed","template":"","meta":{"_monsterinsights_skip_tracking":false,"_monsterinsights_sitenote_active":false,"_monsterinsights_sitenote_note":"","_monsterinsights_sitenote_category":0,"footnotes":""},"class_list":["post-7017","page","type-page","status-publish","hentry"],"_links":{"self":[{"href":"https:\/\/techsupport-dev.de\/tunisiamedia\/wp-json\/wp\/v2\/pages\/7017","targetHints":{"allow":["GET"]}}],"collection":[{"href":"https:\/\/techsupport-dev.de\/tunisiamedia\/wp-json\/wp\/v2\/pages"}],"about":[{"href":"https:\/\/techsupport-dev.de\/tunisiamedia\/wp-json\/wp\/v2\/types\/page"}],"author":[{"embeddable":true,"href":"https:\/\/techsupport-dev.de\/tunisiamedia\/wp-json\/wp\/v2\/users\/3"}],"replies":[{"embeddable":true,"href":"https:\/\/techsupport-dev.de\/tunisiamedia\/wp-json\/wp\/v2\/comments?post=7017"}],"version-history":[{"count":2,"href":"https:\/\/techsupport-dev.de\/tunisiamedia\/wp-json\/wp\/v2\/pages\/7017\/revisions"}],"predecessor-version":[{"id":7788,"href":"https:\/\/techsupport-dev.de\/tunisiamedia\/wp-json\/wp\/v2\/pages\/7017\/revisions\/7788"}],"wp:attachment":[{"href":"https:\/\/techsupport-dev.de\/tunisiamedia\/wp-json\/wp\/v2\/media?parent=7017"}],"curies":[{"name":"wp","href":"https:\/\/api.w.org\/{rel}","templated":true}]}}