{"id":666,"date":"2018-08-27T19:06:59","date_gmt":"2018-08-27T19:06:59","guid":{"rendered":"http:\/\/akademie.dw.de\/tunisiamedia\/?page_id=666"},"modified":"2023-06-12T11:37:39","modified_gmt":"2023-06-12T11:37:39","slug":"a-propos","status":"publish","type":"page","link":"https:\/\/techsupport-dev.de\/tunisiamedia\/mlt-family\/a-propos\/","title":{"rendered":"\u00c0 PROPOS"},"content":{"rendered":"<h1><\/h1>\n<h1>M\u00e9dias libres.<br \/>\nLibre Expression.<br \/>\nSoci\u00e9t\u00e9s libres.<\/h1>\n<h2>La DW Akademie est le centre de la Deutsche Welle pour le d\u00e9veloppement international des m\u00e9dias, la formation journalistique et le transfert de connaissances. Gr\u00e2ce \u00e0 ses projets, elle renforce le droit de l&rsquo;homme \u00e0 la libert\u00e9 d&rsquo;expression et \u00e0 un acc\u00e8s sans entrave \u00e0 l&rsquo;information. La DW Akademie permet aux gens du monde entier de prendre des d\u00e9cisions libres, fond\u00e9es sur des faits fiables et un dialogue constructif.<\/h2>\n<p>Nous sommes convaincus que le monde a imp\u00e9rativement besoin de m\u00e9dias ind\u00e9pendants et de journalistes conscients de leurs responsabilit\u00e9s. Au vu de l\u2019histoire allemande, il nous tient \u00e0 c\u0153ur que chaque \u00eatre humain puisse exprimer son opinion librement et qu\u2019il ait acc\u00e8s \u00e0 une information ind\u00e9pendante. Nous voyons en cela un pr\u00e9alable essentiel pour la paix et la d\u00e9mocratie. Avec nos partenaires, nous jouons un r\u00f4le de premier plan dans le d\u00e9veloppement de syst\u00e8mes de m\u00e9dias libres, en cr\u00e9ant l&rsquo;acc\u00e8s \u00e0 l&rsquo;information, en \u00e9tablissant des normes pour l&rsquo;\u00e9ducation et le journalisme ind\u00e9pendant.<\/p>\n<p>Nous encourageons le d\u00e9veloppement de syst\u00e8mes m\u00e9diatiques libres et transparents. Nous faisons la promotion d\u2019un journalisme de qualit\u00e9 et de m\u00e9dias comp\u00e9tents. Nous aidons les m\u00e9dias \u00e0 se reconstruire apr\u00e8s des p\u00e9riodes de crise ou de conflit et nous participons dans le monde entier \u00e0 la formation des professionnels des m\u00e9dias.<\/p>\n<p>Dans cette partie du monde aussi, l&rsquo;information provenant d&rsquo;Internet est un produit passionnant &#8211; attrayant et parfois trompeur et manipulatoire. L\u2019un des sujets cl\u00e9s de DW Akademie est donc d&rsquo;apprendre aux gens \u00e0 \u00eatre critiques lorsqu&rsquo;ils utilisent les m\u00e9dias en ligne, que ce soit dans les centres pour jeunes de Tunisie, les \u00e9coles libanaises ou les centres communautaires jordaniens. D&rsquo;autre part, nous renfor\u00e7ons \u00e9galement les services qui offrent exactement cela: du contenu pour les jeunes gens critiques \u00e0 l&rsquo;\u00e9gard des m\u00e9dias et s\u00fbrs d&rsquo;eux. Du Maroc \u00e0 la r\u00e9gion du Golfe, le renforcement des capacit\u00e9s est une base importante pour les journalistes ind\u00e9pendants.<\/p>\n<p>En tant que DW Akademie, nous estimons que notre t\u00e2che consiste \u00e0 d\u00e9velopper une expertise r\u00e9gionale en mati\u00e8re de gestion et \u00e0 cr\u00e9er des r\u00e9seaux avec une expertise internationale. Nous d\u00e9veloppons les concepts avec nos partenaires dans la r\u00e9gion.<\/p>\n<h2>Al Khatt<\/h2>\n<p><span style=\"font-weight: 400;\">Al Khatt est une ONG tunisienne \u00e0 but non lucratif fond\u00e9e en 2013. Elle \u0153uvre pour la libert\u00e9 de la presse et d&rsquo;expression et veut \u00eatre un laboratoire d\u2019id\u00e9es et un espace de r\u00e9flexion sur l\u2019avenir du journalisme \u00e0 l\u2019\u00e8re de l\u2019Internet. <\/span><\/p>\n<p><span style=\"font-weight: 400;\">Au sein de l\u2019organisation, Al Khatt m\u00e8ne une r\u00e9flexion globale aussi bien sur la production de contenu journalistique que sur la mani\u00e8re de le diffuser et de le partager. Al Khatt met en place des actions visant \u00e0 : <\/span><\/p>\n<ul>\n<li style=\"font-weight: 400;\"><span style=\"font-weight: 400;\">d\u00e9velopper et promouvoir la libert\u00e9 de la presse et la libert\u00e9 d\u2019expression ;<\/span><\/li>\n<li style=\"font-weight: 400;\"><span style=\"font-weight: 400;\">\u0153uvrer pour une information ind\u00e9pendante, de qualit\u00e9 et utile pour le citoyen ;<\/span><\/li>\n<li style=\"font-weight: 400;\"><span style=\"font-weight: 400;\">innover et r\u00e9inventer le rapport entre les cr\u00e9ateurs de contenu informatif et le citoyen ;<\/span><\/li>\n<li style=\"font-weight: 400;\"><span style=\"font-weight: 400;\">cr\u00e9er des outils technologiques au service de l&rsquo;information, de la participation citoyenne et de l\u2019acc\u00e8s \u00e0 l&rsquo;information ;<\/span><\/li>\n<li style=\"font-weight: 400;\"><span style=\"font-weight: 400;\">\u0153uvrer pour l\u2019\u00e9ducation aux m\u00e9dias et pour la formation aux techniques de production de contenu informatif ;<\/span><\/li>\n<li id=\"contact\" style=\"font-weight: 400;\"><span style=\"font-weight: 400;\">conseiller, appuyer et livrer \u00e0 des organisations et des m\u00e9dias en Tunisie et dans le monde des outils de gestion de donn\u00e9s et de travail journalistique. <\/span><\/li>\n<\/ul>\n<p><span style=\"font-weight: 400;\">Al Khatt croit profond\u00e9ment que le droit \u00e0 une information libre et de qualit\u00e9 est un droit fondamental des citoyens et qu\u2019agir pour la libert\u00e9 de la presse, la libert\u00e9 d\u2019expression et l\u2019acc\u00e8s \u00e0 l\u2019information, c\u2019est agir pour mettre en place un syst\u00e8me d\u00e9mocratique et transparent en Tunisie.<\/span><\/p>\n<h2>Nous contacter<\/h2>\n<p>MEDIA LOVES TECH: <a href=\"mailto:medialovestech@dw.com\" target=\"_blank\" rel=\"noopener noreferrer\">medialovestech@dw.com<\/a><br \/>\nMEDIA PARCOURS: <a href=\"mailto:mediaparcours@dw.com\" target=\"_blank\" rel=\"noopener noreferrer\">mediaparcours@dw.com<\/a><\/p>\n<h2>Plus d&rsquo;informations sur la DW Akademie<\/h2>\n<p>DW Akademie <a href=\"https:\/\/www.dw.com\/en\/dw-akademie\/who-we-are\/s-30788\">Who we are<\/a><\/p>\n<p>DW Akademie <a href=\"https:\/\/www.dw.com\/en\/dw-akademie-in-tunisia\/a-18558577\">Tunisia<\/a><\/p>\n<p><a href=\"https:\/\/akademie.dw.de\/tunisiamedia\/wp-content\/uploads\/2021\/05\/DW-en-Tunisie-2021.pdf\" target=\"_blank\" rel=\"noopener\">DW en Tunisie<\/a><\/p>\n<p><a href=\"https:\/\/www.facebook.com\/watch\/DWAkademie\/\" target=\"_blank\" rel=\"noopener\">Facebook.com\/DWAkademie<\/a><br \/>\n<a href=\"https:\/\/www.facebook.com\/DWAkademie.Middleeast\/\" target=\"_blank\" rel=\"noopener\"><span class=\"d2edcug0 hpfvmrgz qv66sw1b c1et5uql rrkovp55 a8c37x1j keod5gw0 nxhoafnm aigsh9s9 d3f4x2em fe6kdd0r mau55g9w c8b282yb mdeji52x a5q79mjw g1cxx5fr knj5qynh m9osqain hzawbc8m\" dir=\"auto\"><span class=\"d2edcug0 hpfvmrgz qv66sw1b c1et5uql rrkovp55 a5q79mjw g1cxx5fr knj5qynh m9osqain\"><span class=\"tojvnm2t a6sixzi8 abs2jz4q a8s20v7p t1p8iaqh k5wvi7nf q3lfd5jv pk4s997a bipmatt0 cebpdrjk qowsmv63 owwhemhu dp1hu0rb dhp61c6y iyyx5f41\">Facebook.com\/DWAkademie.Middleeast<\/span><span class=\"rfua0xdk pmk7jnqg stjgntxs ni8dbmo4 ay7djpcl q45zohi1\">&nbsp;<\/span><\/span><\/span><\/a><\/p>\n<h2>Plus d&rsquo;informations sur Al Khatt<\/h2>\n<p><a href=\"http:\/\/www.alkhatt.org\">Alkhatt.org<\/a><br \/>\n<a href=\"https:\/\/twitter.com\/AlKhattOrg\">Twitter.com\/AlKhattOrg<\/a><br \/>\n<a href=\"https:\/\/www.facebook.com\/AlKhattOrg\/\">Facebook.com\/AlKhattOrg<\/a><\/p>\n","protected":false},"excerpt":{"rendered":"<p>M\u00e9dias libres. Libre Expression. Soci\u00e9t\u00e9s libres. La DW Akademie est le centre de la Deutsche Welle pour le d\u00e9veloppement international des m\u00e9dias, la formation journalistique et le transfert de connaissances. Gr\u00e2ce \u00e0 ses projets, elle renforce le droit de l&rsquo;homme \u00e0 la libert\u00e9 d&rsquo;expression et \u00e0 un acc\u00e8s sans entrave \u00e0 l&rsquo;information. La DW Akademie &hellip; <\/p>\n<p class=\"link-more\"><a href=\"https:\/\/techsupport-dev.de\/tunisiamedia\/mlt-family\/a-propos\/\" class=\"more-link\">Continuer la lecture<span class=\"screen-reader-text\"> de &laquo;&nbsp;\u00c0 PROPOS&nbsp;&raquo;<\/span><\/a><\/p>\n","protected":false},"author":5,"featured_media":0,"parent":4640,"menu_order":0,"comment_status":"closed","ping_status":"closed","template":"","meta":{"_monsterinsights_skip_tracking":false,"_monsterinsights_sitenote_active":false,"_monsterinsights_sitenote_note":"","_monsterinsights_sitenote_category":0,"footnotes":""},"class_list":["post-666","page","type-page","status-publish","hentry"],"_links":{"self":[{"href":"https:\/\/techsupport-dev.de\/tunisiamedia\/wp-json\/wp\/v2\/pages\/666","targetHints":{"allow":["GET"]}}],"collection":[{"href":"https:\/\/techsupport-dev.de\/tunisiamedia\/wp-json\/wp\/v2\/pages"}],"about":[{"href":"https:\/\/techsupport-dev.de\/tunisiamedia\/wp-json\/wp\/v2\/types\/page"}],"author":[{"embeddable":true,"href":"https:\/\/techsupport-dev.de\/tunisiamedia\/wp-json\/wp\/v2\/users\/5"}],"replies":[{"embeddable":true,"href":"https:\/\/techsupport-dev.de\/tunisiamedia\/wp-json\/wp\/v2\/comments?post=666"}],"version-history":[{"count":22,"href":"https:\/\/techsupport-dev.de\/tunisiamedia\/wp-json\/wp\/v2\/pages\/666\/revisions"}],"predecessor-version":[{"id":6386,"href":"https:\/\/techsupport-dev.de\/tunisiamedia\/wp-json\/wp\/v2\/pages\/666\/revisions\/6386"}],"up":[{"embeddable":true,"href":"https:\/\/techsupport-dev.de\/tunisiamedia\/wp-json\/wp\/v2\/pages\/4640"}],"wp:attachment":[{"href":"https:\/\/techsupport-dev.de\/tunisiamedia\/wp-json\/wp\/v2\/media?parent=666"}],"curies":[{"name":"wp","href":"https:\/\/api.w.org\/{rel}","templated":true}]}}