{"id":508,"date":"2018-08-24T16:42:27","date_gmt":"2018-08-24T16:42:27","guid":{"rendered":"http:\/\/akademie.dw.de\/tunisiamedia\/?page_id=508"},"modified":"2024-04-10T09:58:58","modified_gmt":"2024-04-10T09:58:58","slug":"faq-mlt","status":"publish","type":"page","link":"https:\/\/techsupport-dev.de\/tunisiamedia\/faq-mlt\/","title":{"rendered":"FAQ &#8211; MEDIA LOVES TECH"},"content":{"rendered":"\n<figure class=\"wp-block-image size-large\"><img loading=\"lazy\" decoding=\"async\" width=\"1024\" height=\"576\" src=\"https:\/\/akademie.dw.de\/tunisiamedia\/wp-content\/uploads\/2023\/07\/DWA-MLT-Video_Abspanntafel_1920x1080-FR-EU_Logo-1024x576.png\" alt=\"\" class=\"wp-image-6713\"\/><\/figure>\n\n\n\n<h1 class=\"wp-block-heading\">FAQ<\/h1>\n\n\n\n<h2 class=\"wp-block-heading\"><span style=\"color: #002d5a;\">Quelle est la dur\u00e9e de la comp\u00e9tition ?<\/span><\/h2>\n\n\n\n<p><\/p>\n\n\n\n<p><span style=\"color: #000000;\">La comp\u00e9tition est organis\u00e9e par DW Akademie et se tient de mai \u00e0 d\u00e9cembre 2024. Elle se d\u00e9roule en plusieurs \u00e9tapes.<\/span><\/p>\n\n\n\n<h2 class=\"wp-block-heading\"><span style=\"color: #002d5a;\">Comment se d\u00e9roule la comp\u00e9tition ?<\/span><\/h2>\n\n\n\n<p><\/p>\n\n\n\n<p><span style=\"color: #000000;\">Les inscriptions sont ouvertes du 15 mars au 30 avril 202<\/span>4 sur <a href=\"\/tunisiamedia\/application\/\" target=\"_blank\" rel=\"noopener noreferrer\">medialovestech.com<\/a>.<\/p>\n\n\n\n<ul class=\"wp-block-list\">\n<li>Des sessions d\u2019information seront annonc\u00e9es au fur et \u00e0 mesure. Vous pouvez nous suivre sur notre <a href=\"https:\/\/www.facebook.com\/MediaLovesTech\/\" target=\"_blank\" rel=\"noopener noreferrer\">page Facebook \u00ab&nbsp;SMART <\/a><a href=\"https:\/\/www.facebook.com\/SmartMediaAccelerator\" target=\"_blank\" rel=\"noreferrer noopener\">MEDIA ACCELERATOR&nbsp;\u00bb<\/a>&nbsp; pour conna\u00eetre les dates exactes de ces sessions.<br><\/li>\n\n\n\n<li>\u00c0 la date de la soumission, les projets \u00e0 soumettre doivent \u00eatre au minimum en phase de conception et, au maximum, en phase de pr\u00e9-commercialisation<\/li>\n<\/ul>\n\n\n\n<p>Les 3 \u00e9tapes de la comp\u00e9tition :<\/p>\n\n\n\n<ul class=\"wp-block-list\">\n<li><strong>\u00c9tape 1\u00a0:\u00a0qualification<\/strong><br>Candidatez jusqu\u2019au 30 avril 2024 via le formulaire de candidature SMART MEDIA ACCELERATOR 2024. Les meilleures \u00e9quipes re\u00e7oivent une notification leur indiquant qu\u2019elles ont acc\u00e8s \u00e0 la plateforme d\u2019e-learning SMAx.<\/li>\n\n\n\n<li><strong>\u00c9tape 2 : programme de pr\u00e9-incubation<\/strong><\/li>\n\n\n\n<li>Jusqu\u2019au mois de juillet, les \u00e9quipes ont la possibilit\u00e9 de suivre des cours en ligne sur la plateforme et de fournir les livrables n\u00e9cessaires pour postuler au programme d\u2019incubation. Apr\u00e8s une phase d\u2019\u00e9valuation et d\u2019entretien, les \u00e9quipes s\u00e9lectionn\u00e9es int\u00e8grent le programme d\u2019incubation.<\/li>\n\n\n\n<li><strong>\u00c9tape 3 : programme d\u2019incubation<br><\/strong>Le programme d\u2019incubation se d\u00e9roulera de septembre \u00e0 novembre 2024. Durant cette p\u00e9riode, les \u00e9quipes d\u00e9velopperont leurs solutions en plusieurs \u00e9tapes et pourront faire appel \u00e0 des experts \u00e0 la demande.<\/li>\n<\/ul>\n\n\n\n<p><\/p>\n\n\n\n<ul class=\"wp-block-list\">\n<li>Le meilleur projet recevra un financement de 10 000 \u20ac qui sera remis \u00e0 l\u2019\u00e9quipe gagnante lors de la c\u00e9r\u00e9monie de cl\u00f4ture, le 5 d\u00e9cembre 2024. <\/li>\n<\/ul>\n\n\n\n<h2 class=\"wp-block-heading\"><span style=\"color: #002d5a;\">Qui est admissible ?<\/span><\/h2>\n\n\n\n<p><\/p>\n\n\n\n<p>La comp\u00e9tition est ouverte \u00e0 toutes les personnes ayant 18 ans au moment de leur inscription (ci-apr\u00e8s les \u00ab\u2009 participants admissibles \u2009\u00bb). Les journalistes, d\u00e9veloppeurs, designers, data scientists, cr\u00e9atifs, technologistes, individuels ou repr\u00e9sentant des organisations, sont invit\u00e9s \u00e0 soumettre avec des concepts ou pour faire partie d\u2019une \u00e9quipe.<\/p>\n\n\n\n<p>Ne sont pas admissibles comme participants : les administrateurs de la DW, les membres du jury et les personnes avec lesquels ils sont domicili\u00e9s, les mentors et les personnes avec lesquels ils sont domicili\u00e9s.<\/p>\n\n\n\n<h2 class=\"wp-block-heading\"><span style=\"color: #002d5a;\">\u00c0 quel stade doit \u00eatre mon projet pour pouvoir participer ?<\/span><\/h2>\n\n\n\n<p><\/p>\n\n\n\n<p>MEDIA LOVES TECH est une comp\u00e9tition de pr\u00e9-incubation et d&rsquo;incubation : de l\u2019id\u00e9e \u00e0 la r\u00e9alisation d\u2019un prototype de solution. Tous les projets qui se situent dans cette \u00e9tape du projet entrepreneurial sont accept\u00e9s. Les projets doivent \u00e9galement \u00eatre en phase de pr\u00e9-commercialisation, ce qui signifie qu\u2019ils n\u2019ont pas enregistr\u00e9 de vente ou n\u2019ont pas de clients d\u00e9clar\u00e9s.<\/p>\n\n\n\n<h2 class=\"wp-block-heading\"><span style=\"color: #002d5a;\">Comment participer ?<\/span><\/h2>\n\n\n\n<p><span style=\"color: #000000;\">Pour participer entre le 15 mars et le 30 avril 2024, les personnes admissibles doivent :<\/span><\/p>\n\n\n\n<ul class=\"wp-block-list\">\n<li>Se rendre sur <a href=\"\/tunisiamedia\/?lang=fr\" target=\"_blank\" rel=\"noopener noreferrer\">medialovestech.com<\/a> <\/li>\n\n\n\n<li>Remplir le formulaire de candidature SMART MEDIA ACCELERATOR 2024 <\/li>\n\n\n\n<li>Former une \u00e9quipe (les \u00e9quipes doivent avoir un minimum de 2 et un maximum de 5 participants)<\/li>\n\n\n\n<li>Proposer un projet qui \u0153uvrera, en partie ou en totalit\u00e9, dans un ou plusieurs des pays vis\u00e9s (Tunisie, Maroc, Alg\u00e9rie).<\/li>\n\n\n\n<li>Proposer une solution en rapport avec l\u2019une des th\u00e9matiques propos\u00e9es. L\u2019\u00e9quipe peut proc\u00e9der \u00e0 un premier niveau de design, mock-up ou prototypage.<\/li>\n<\/ul>\n\n\n\n<h2 class=\"wp-block-heading\"><span style=\"color: #002d5a;\">Qu\u2019y a-t-il \u00e0 gagner?<\/span><\/h2>\n\n\n\n<p><\/p>\n\n\n\n<p>MEDIA LOVES TECH vous donne l&rsquo;acc\u00e8s \u00e0 tout un \u00e9cosyst\u00e8me de qualit\u00e9 :<\/p>\n\n\n\n<p>&#8211; de la flexibilit\u00e9 avec une alternance entre des formations en ligne et des masterclasses<br>&#8211; des experts \u00e0 la demande<br>&#8211; du networking et des opportunit\u00e9s, m\u00eame apr\u00e8s le programme<br>&#8211; une communaut\u00e9 d&rsquo;entrepreneur.se.s et d&rsquo;expert.e.s.<\/p>\n\n\n\n<p>Le grand gagnant recevra la somme de 10 000 \u20ac.<\/p>\n\n\n\n<h2 class=\"wp-block-heading\">Qui peut participer ?<\/h2>\n\n\n\n<p><\/p>\n\n\n\n<p>La comp\u00e9tition est ouverte aux cr\u00e9atifs, journalistes, professionnels des m\u00e9dias, entrepreneurs, designers, d\u00e9veloppeurs, soci\u00e9t\u00e9 civile, tout acteur individuel ou organisation qui souhaite contribuer, par un concept ou en offrant ses comp\u00e9tences, \u00e0 la mont\u00e9e en puissance du journalisme en Tunisie, au Maroc et en Alg\u00e9rie gr\u00e2ce au num\u00e9rique. Voir aussi le <a href=\"\/tunisiamedia\/competition\/reglement\/\">r\u00e8glement<\/a>.<\/p>\n\n\n\n<h2 class=\"wp-block-heading\">J\u2019ai un super concept :<\/h2>\n\n\n\n<p><\/p>\n\n\n\n<p>Vous \u00eates invit\u00e9.e \u00e0 soumettre votre concept. Si vous avez d\u00e9j\u00e0 une \u00e9quipe, veuillez l\u2019indiquer lors de votre inscription, autrement veuillez indiquer les comp\u00e9tences dont vous auriez besoin pour mener \u00e0 bien votre projet. Parmi les autres participant.e.s inscrit.e.s, ceux\/celles disposant des comp\u00e9tences requises seront affect\u00e9.e.s \u00e0 votre concept dans la limite des capacit\u00e9s disponibles.<\/p>\n\n\n\n<h2 class=\"wp-block-heading\">Je n\u2019aime pas travailler en \u00e9quipe, je pr\u00e9f\u00e8re participer tout.e seul.e :<\/h2>\n\n\n\n<p><\/p>\n\n\n\n<p>MEDIA LOVES TECH est bas\u00e9 sur l\u2019esprit de collaboration et de travail en \u00e9quipe. Et c\u2019est ce que nous souhaitons renforcer \u00e0 travers cette initiative. Ainsi, les \u00e9quipes participantes doivent \u00eatre compos\u00e9es de 2 \u00e0 5 personnes.<\/p>\n\n\n\n<h2 class=\"wp-block-heading\">J&rsquo;ai d\u00e9j\u00e0 particip\u00e9, mais je veux retenter ma chance :<\/h2>\n\n\n\n<p><\/p>\n\n\n\n<p>L&rsquo;esprit d&rsquo;entreprendre, c&rsquo;est savoir se remettre en question et recommencer. Si vous avez d\u00e9j\u00e0 particip\u00e9 \u00e0 une \u00e9dition pr\u00e9c\u00e9dente, vous avez tout \u00e0 fait le droit de retenter votre chance. Avec le m\u00eame projet (am\u00e9lior\u00e9 !) ou avec une autre id\u00e9e.<\/p>\n\n\n\n<h2 class=\"wp-block-heading\"><span style=\"color: #002d5a;\">Comment se fait la s\u00e9lection ? Quels sont les crit\u00e8res ?<br><\/span><\/h2>\n\n\n\n<p>Rappel des \u00e9tapes : <\/p>\n\n\n\n<h4 class=\"wp-block-heading\">\u00c9tape 1<strong> :<\/strong> phase de candidature et de qualification<\/h4>\n\n\n\n<p>Candidatez jusqu&rsquo;au 30 avril 2024 via le formulaire de candidature SMART MEDIA ACCELERATOR 2024. Les meilleures \u00e9quipes re\u00e7oivent une notification leur indiquant qu&rsquo;elles ont acc\u00e8s \u00e0 la plateforme d&rsquo;e-learning SMAx.<\/p>\n\n\n\n<h4 class=\"wp-block-heading\">\u00c9tape 2 : programme de pr\u00e9-incubation<\/h4>\n\n\n\n<p>Jusqu&rsquo;au mois de juillet, les \u00e9quipes ont la possibilit\u00e9 de suivre des cours en ligne sur la plateforme et de fournir les livrables n\u00e9cessaires pour postuler au programme d&rsquo;incubation. Apr\u00e8s une phase d&rsquo;\u00e9valuation et d&rsquo;entretien, les \u00e9quipes s\u00e9lectionn\u00e9es int\u00e8grent le programme d&rsquo;incubation.<\/p>\n\n\n\n<h4 class=\"wp-block-heading\">\u00c9tape 3 : programme d&rsquo;incubation<\/h4>\n\n\n\n<p>Le programme d\u2019incubation se d\u00e9roulera de septembre \u00e0 novembre 2024. Durant cette p\u00e9riode, les \u00e9quipes d\u00e9velopperont leurs solutions  en plusieurs \u00e9tapes et pourront faire appel \u00e0 des experts \u00e0 la demande.<\/p>\n\n\n\n<p><\/p>\n\n\n\n<p>Les crit\u00e8res d&rsquo;\u00e9valuation retenus :<\/p>\n\n\n\n<p>Quel est le probl\u00e8me que vous \u00eates en train de r\u00e9soudre ? Est-ce que le projet s\u2019attaque \u00e0 une probl\u00e9matique sp\u00e9cifique et n\u00e9cessaire ?<\/p>\n\n\n\n<ul class=\"wp-block-list\">\n<li>Innovation : le niveau d\u2019innovation du concept dans la r\u00e9solution de la probl\u00e9matique<\/li>\n\n\n\n<li>March\u00e9 : pourquoi est-ce int\u00e9ressant et pertinent, avez-vous identifi\u00e9 une audience cible qui voudrait utiliser votre produit ? Comment \u00e7a marche ? Quelles fonctionnalit\u00e9s sont au c\u0153ur de votre produit ? Quelle feuille de route pour la mise en oeuvre ?<\/li>\n\n\n\n<li>Faisabilit\u00e9 : faisabilit\u00e9 du concept propos\u00e9 dans le temps disponible et consid\u00e9rant les ressources disponibles<\/li>\n\n\n\n<li>Exp\u00e9rience utilisateur : est-ce que l\u2019interface est conviviale et facile \u00e0 utiliser (d\u00e9pendamment de l\u2019audience cible du produit) ?<\/li>\n\n\n\n<li>Fonctionnalit\u00e9 : niveau de fonctionnement du prototype et niveau d\u2019innovation technologique<\/li>\n\n\n\n<li>Business model : quel mod\u00e8le d\u2019affaires pour une p\u00e9rennit\u00e9 du projet ?<\/li>\n\n\n\n<li>\u00c9quipe de projet : niveau de collaboration de l\u2019\u00e9quipe, sa capacit\u00e9 et motivation pour assurer la mise en oeuvre et la p\u00e9rennit\u00e9 du projet (lors des challenges d&rsquo;open-innovation, il ne s\u2019agit pas uniquement de cr\u00e9er de nouvelles id\u00e9es. La collaboration et la co-cr\u00e9ation sont aussi des objectifs principaux)<\/li>\n<\/ul>\n\n\n\n<h2 class=\"wp-block-heading\">Quels sont les documents \u00e0 soumettre ?<\/h2>\n\n\n\n<p><\/p>\n\n\n\n<p>Nous voulons avant toute chose conna\u00eetre le probl\u00e8me que vous souhaitez r\u00e9soudre et la&nbsp; solution que vous proposez. Pour cela, il suffit de :<\/p>\n\n\n\n<ul class=\"wp-block-list\">\n<li>Se rendre sur <a href=\"\/tunisiamedia\/application\/\" target=\"_blank\" rel=\"noopener\">Medialovestech.com<\/a><\/li>\n\n\n\n<li>Remplir le formulaire de candidature SMART MEDIA ACCELERATOR 2024 (deadline : le 30 avril 2024 !)<\/li>\n<\/ul>\n\n\n\n<h2 class=\"wp-block-heading\"><span style=\"color: #002d5a;\">\u00c0 qui appartiennent le produit et sa propri\u00e9t\u00e9 intellectuelle ?<\/span><\/h2>\n\n\n\n<p><\/p>\n\n\n\n<p>L\u2019ensemble du travail effectu\u00e9 par les \u00e9quipes appartient aux \u00e9quipes. Aucune entreprise, organisation ou entit\u00e9 en dehors des membres inscrits de l\u2019\u00e9quipe ne peut pr\u00e9tendre \u00e0 une quelconque pr\u00e9rogative sur la propri\u00e9t\u00e9 intellectuelle d\u00e9velopp\u00e9e dans MEDIA LOVES TECH. Toute la propri\u00e9t\u00e9 intellectuelle ant\u00e9rieure que les participants de MEDIA LOVES TECH am\u00e8nent avec eux ou par laquelle ils sont li\u00e9s selon leur statut d\u2019emploi doit \u00eatre d\u00e9clar\u00e9e aux autres membres de l\u2019\u00e9quipe et aux organisateurs de MEDIA LOVES TECH.<\/p>\n","protected":false},"excerpt":{"rendered":"<p>FAQ Quelle est la dur\u00e9e de la comp\u00e9tition ? La comp\u00e9tition est organis\u00e9e par DW Akademie et se tient de mai \u00e0 d\u00e9cembre 2024. Elle se d\u00e9roule en plusieurs \u00e9tapes. Comment se d\u00e9roule la comp\u00e9tition ? Les inscriptions sont ouvertes du 15 mars au 30 avril 2024 sur medialovestech.com. Les 3 \u00e9tapes de la comp\u00e9tition &hellip; <\/p>\n<p class=\"link-more\"><a href=\"https:\/\/techsupport-dev.de\/tunisiamedia\/faq-mlt\/\" class=\"more-link\">Continuer la lecture<span class=\"screen-reader-text\"> de &laquo;&nbsp;FAQ &#8211; MEDIA LOVES TECH&nbsp;&raquo;<\/span><\/a><\/p>\n","protected":false},"author":5,"featured_media":0,"parent":0,"menu_order":0,"comment_status":"closed","ping_status":"closed","template":"","meta":{"_monsterinsights_skip_tracking":false,"_monsterinsights_sitenote_active":false,"_monsterinsights_sitenote_note":"","_monsterinsights_sitenote_category":0,"footnotes":""},"class_list":["post-508","page","type-page","status-publish","hentry"],"_links":{"self":[{"href":"https:\/\/techsupport-dev.de\/tunisiamedia\/wp-json\/wp\/v2\/pages\/508","targetHints":{"allow":["GET"]}}],"collection":[{"href":"https:\/\/techsupport-dev.de\/tunisiamedia\/wp-json\/wp\/v2\/pages"}],"about":[{"href":"https:\/\/techsupport-dev.de\/tunisiamedia\/wp-json\/wp\/v2\/types\/page"}],"author":[{"embeddable":true,"href":"https:\/\/techsupport-dev.de\/tunisiamedia\/wp-json\/wp\/v2\/users\/5"}],"replies":[{"embeddable":true,"href":"https:\/\/techsupport-dev.de\/tunisiamedia\/wp-json\/wp\/v2\/comments?post=508"}],"version-history":[{"count":67,"href":"https:\/\/techsupport-dev.de\/tunisiamedia\/wp-json\/wp\/v2\/pages\/508\/revisions"}],"predecessor-version":[{"id":7909,"href":"https:\/\/techsupport-dev.de\/tunisiamedia\/wp-json\/wp\/v2\/pages\/508\/revisions\/7909"}],"wp:attachment":[{"href":"https:\/\/techsupport-dev.de\/tunisiamedia\/wp-json\/wp\/v2\/media?parent=508"}],"curies":[{"name":"wp","href":"https:\/\/api.w.org\/{rel}","templated":true}]}}