{"id":3336,"date":"2020-04-21T08:40:43","date_gmt":"2020-04-21T08:40:43","guid":{"rendered":"http:\/\/akademie.dw.de\/tunisiamedia\/?page_id=3336"},"modified":"2024-04-16T07:43:29","modified_gmt":"2024-04-16T07:43:29","slug":"media-loves-tech","status":"publish","type":"page","link":"https:\/\/techsupport-dev.de\/tunisiamedia\/media-loves-tech\/?lang=en","title":{"rendered":"MEDIA LOVES TECH"},"content":{"rendered":"\n<p><\/p>\n\n\n\n<figure class=\"wp-block-image size-full\"><a href=\"https:\/\/akademie.dw.de\/tunisiamedia\/sma-call-2024\/?lang=en\" target=\"_blank\" rel=\"noreferrer noopener\"><img loading=\"lazy\" decoding=\"async\" width=\"960\" height=\"540\" src=\"https:\/\/akademie.dw.de\/tunisiamedia\/wp-content\/uploads\/2024\/04\/SMA2024APPLYBUTTON.png\" alt=\"\" class=\"wp-image-7870\" srcset=\"https:\/\/techsupport-dev.de\/tunisiamedia\/wp-content\/uploads\/2024\/04\/SMA2024APPLYBUTTON.png 960w, https:\/\/techsupport-dev.de\/tunisiamedia\/wp-content\/uploads\/2024\/04\/SMA2024APPLYBUTTON-350x197.png 350w, https:\/\/techsupport-dev.de\/tunisiamedia\/wp-content\/uploads\/2024\/04\/SMA2024APPLYBUTTON-768x432.png 768w\" sizes=\"auto, (max-width: 767px) 89vw, (max-width: 1000px) 54vw, (max-width: 1071px) 543px, 580px\" \/><\/a><\/figure>\n\n\n\n<h3 class=\"wp-block-heading has-text-align-center\"><strong>Apply for <a href=\"https:\/\/akademie.dw.de\/tunisiamedia\/sma-call-2024\/?lang=en\" target=\"_blank\" rel=\"noreferrer noopener\">SMART MEDIA ACCELERATOR 2024<\/a>!<br>Deadline : 30 April 2024<\/strong>!<\/h3>\n\n\n\n<p><\/p>\n\n\n\n<hr class=\"wp-block-separator has-alpha-channel-opacity\"\/>\n\n\n\n<figure class=\"wp-block-image size-large\"><img loading=\"lazy\" decoding=\"async\" width=\"1024\" height=\"576\" src=\"https:\/\/akademie.dw.de\/tunisiamedia\/wp-content\/uploads\/2023\/06\/DWA-MLT-Algemein_1920x1080-EN-EU_Logo-1024x576.png\" alt=\"\" class=\"wp-image-6524\" srcset=\"https:\/\/techsupport-dev.de\/tunisiamedia\/wp-content\/uploads\/2023\/06\/DWA-MLT-Algemein_1920x1080-EN-EU_Logo-1024x576.png 1024w, https:\/\/techsupport-dev.de\/tunisiamedia\/wp-content\/uploads\/2023\/06\/DWA-MLT-Algemein_1920x1080-EN-EU_Logo-350x197.png 350w, https:\/\/techsupport-dev.de\/tunisiamedia\/wp-content\/uploads\/2023\/06\/DWA-MLT-Algemein_1920x1080-EN-EU_Logo-768x432.png 768w, https:\/\/techsupport-dev.de\/tunisiamedia\/wp-content\/uploads\/2023\/06\/DWA-MLT-Algemein_1920x1080-EN-EU_Logo-1536x864.png 1536w, https:\/\/techsupport-dev.de\/tunisiamedia\/wp-content\/uploads\/2023\/06\/DWA-MLT-Algemein_1920x1080-EN-EU_Logo-24x14.png 24w, https:\/\/techsupport-dev.de\/tunisiamedia\/wp-content\/uploads\/2023\/06\/DWA-MLT-Algemein_1920x1080-EN-EU_Logo-36x20.png 36w, https:\/\/techsupport-dev.de\/tunisiamedia\/wp-content\/uploads\/2023\/06\/DWA-MLT-Algemein_1920x1080-EN-EU_Logo-48x27.png 48w, https:\/\/techsupport-dev.de\/tunisiamedia\/wp-content\/uploads\/2023\/06\/DWA-MLT-Algemein_1920x1080-EN-EU_Logo.png 1920w\" sizes=\"auto, (max-width: 767px) 89vw, (max-width: 1000px) 54vw, (max-width: 1071px) 543px, 580px\" \/><\/figure>\n\n\n\n<h2 class=\"wp-block-heading\">Is your media start-up shaped for success?<br>The MEDIA LOVES TECH incubator helps you to find out!<\/h2>\n\n\n\n<p><\/p>\n\n\n\n<p>MEDIA LOVES TECH seeks to identify the best digital ideas and concepts for innovative and quality journalism.<\/p>\n\n\n\n<p>Launched by DW Akademie, the journalism training and media development division of Deutsche Welle, Germany&rsquo;s International Broadcaster, MEDIA LOVES TECH is a competition open to journalists, start-ups, project managers, creative minds, developers, designers, civil society advocates and any other person or organization wishes to improve the media in Tunesia, Morocco and Algeria through innovation.<\/p>\n\n\n\n<p>The best idea for digital journalism innovation in Tunisia, Morocco and Algeria will receive \u20ac10,000.<\/p>\n\n\n\n<h2 class=\"wp-block-heading\">Stages of the competition<\/h2>\n\n\n\n<p><\/p>\n\n\n\n<figure class=\"wp-block-image size-large is-resized\"><img loading=\"lazy\" decoding=\"async\" width=\"1024\" height=\"413\" src=\"https:\/\/akademie.dw.de\/tunisiamedia\/wp-content\/uploads\/2024\/04\/MLT-Timeline-2024_V02_SchPau-1-1024x413.jpg\" alt=\"\" class=\"wp-image-7931\" style=\"width:1161px;height:auto\" srcset=\"https:\/\/techsupport-dev.de\/tunisiamedia\/wp-content\/uploads\/2024\/04\/MLT-Timeline-2024_V02_SchPau-1-1024x413.jpg 1024w, https:\/\/techsupport-dev.de\/tunisiamedia\/wp-content\/uploads\/2024\/04\/MLT-Timeline-2024_V02_SchPau-1-350x141.jpg 350w, https:\/\/techsupport-dev.de\/tunisiamedia\/wp-content\/uploads\/2024\/04\/MLT-Timeline-2024_V02_SchPau-1-768x310.jpg 768w, https:\/\/techsupport-dev.de\/tunisiamedia\/wp-content\/uploads\/2024\/04\/MLT-Timeline-2024_V02_SchPau-1-1536x619.jpg 1536w, https:\/\/techsupport-dev.de\/tunisiamedia\/wp-content\/uploads\/2024\/04\/MLT-Timeline-2024_V02_SchPau-1.jpg 1915w\" sizes=\"auto, (max-width: 767px) 89vw, (max-width: 1000px) 54vw, (max-width: 1071px) 543px, 580px\" \/><\/figure>\n\n\n\n<p><\/p>\n\n\n\n<h2 class=\"wp-block-heading\">Objective of the competition<\/h2>\n\n\n\n<p>The goal of MEDIA LOVES TECH is to identify and facilitate the implementation of effective solutions to address the challenges and issues facing media and journalism in Tunisia, Morocco and Algeria. MEDIA LOVES TECH exploite le pouvoir du crowdsourcing, qui consiste \u00e0 faire collaborer les internautes pour trouver ensemble des id\u00e9es, des services ou des contenus. En termes simples, le crowdsourcing consiste \u00e0 faire travailler la foule ensemble pour partager des informations, ce qui favorise les id\u00e9es et la cr\u00e9ativit\u00e9.<\/p>\n\n\n\n<p>MEDIA LOVES TECH offers you the chance to dive into the world media entrepreneurship, road test your ideas and get ready to launch them on the market.<\/p>\n\n\n\n<figure class=\"wp-block-image size-large is-resized\"><img loading=\"lazy\" decoding=\"async\" width=\"1024\" height=\"683\" src=\"https:\/\/akademie.dw.de\/tunisiamedia\/wp-content\/uploads\/2023\/07\/DSC07866-1024x683.jpg\" alt=\"\" class=\"wp-image-6754\" style=\"width:675px;height:auto\" srcset=\"https:\/\/techsupport-dev.de\/tunisiamedia\/wp-content\/uploads\/2023\/07\/DSC07866-1024x683.jpg 1024w, https:\/\/techsupport-dev.de\/tunisiamedia\/wp-content\/uploads\/2023\/07\/DSC07866-350x233.jpg 350w, https:\/\/techsupport-dev.de\/tunisiamedia\/wp-content\/uploads\/2023\/07\/DSC07866-768x512.jpg 768w, https:\/\/techsupport-dev.de\/tunisiamedia\/wp-content\/uploads\/2023\/07\/DSC07866-1536x1024.jpg 1536w, https:\/\/techsupport-dev.de\/tunisiamedia\/wp-content\/uploads\/2023\/07\/DSC07866-2048x1365.jpg 2048w, https:\/\/techsupport-dev.de\/tunisiamedia\/wp-content\/uploads\/2023\/07\/DSC07866-24x16.jpg 24w, https:\/\/techsupport-dev.de\/tunisiamedia\/wp-content\/uploads\/2023\/07\/DSC07866-36x24.jpg 36w, https:\/\/techsupport-dev.de\/tunisiamedia\/wp-content\/uploads\/2023\/07\/DSC07866-48x32.jpg 48w\" sizes=\"auto, (max-width: 767px) 89vw, (max-width: 1000px) 54vw, (max-width: 1071px) 543px, 580px\" \/><figcaption class=\"wp-element-caption\">The MEDIA LOVES TECH team and participants at the Journalism Forum 2022 in Tunis<br>Credit: Gorilla Hub<\/figcaption><\/figure>\n\n\n\n<h2 class=\"wp-block-heading\">Projects wanted<\/h2>\n\n\n\n<p>MEDIA LOVES TECH is looking for:<\/p>\n\n\n\n<ul class=\"wp-block-list\">\n<li>solutions to enhance access to information;<\/li>\n\n\n\n<li>tools to optimize the work of journalists and media (data processing\/organization\/visualization);<\/li>\n\n\n\n<li>ideas to enhance improve media interaction with the public (tracking, audience measurement, engagement, feedback);<\/li>\n\n\n\n<li>creative approaches to new information formats;<\/li>\n\n\n\n<li>this list is not exhaustive, and we welcome inventive proposals!<\/li>\n<\/ul>\n\n\n\n<h4 class=\"wp-block-heading\">Science journalism:<\/h4>\n\n\n\n<p>Solutions that empower journalists to improve the coverage of scientific news, facilitate its popularization, and ensure effective dissemination to the general public.<\/p>\n\n\n\n<h4 class=\"wp-block-heading\">Citizen journalism:<\/h4>\n\n\n\n<p>Tools that make it possible to reach specific audiences (e.g.: local communities) and connect citizen journalists with media outlets. The goal is to expand both production and consumption capacities to reach new audiences.<\/p>\n\n\n\n<h4 class=\"wp-block-heading\">Verification of content (fact-checking) \/ fight against disinformation and fake news:<\/h4>\n\n\n\n<p>In fragile political contexts, particularly during elections or crisis, Tunisians, Moroccans and Algerians encounter difficulties distinguishing information from misinformation. Comments are often shared without context, and articles and reports tend to interpret facts imprecisely, often overlooking important nuances.<\/p>\n\n\n\n<h4 class=\"wp-block-heading\">Election coverage:<\/h4>\n\n\n\n<p>As elections approach, the media need tools to ensure quality coverage.<\/p>\n\n\n\n<h4 class=\"wp-block-heading\">Data journalism:<\/h4>\n\n\n\n<p>Create tools and technologies designed to support media in analyzing, processing, or visualizing data.<\/p>\n\n\n\n<h4 class=\"wp-block-heading\">Media viability:<\/h4>\n\n\n\n<p>Innovative tools to ensure the economic and financial viability of media projects.<\/p>\n\n\n\n<h4 class=\"wp-block-heading\">Dialogue with public authorities:<\/h4>\n\n\n\n<p>Develop tools enhancing&nbsp; transparency in public actions and promoting dialogue between citizens and political and economic decision-makers.<\/p>\n\n\n\n<h4 class=\"wp-block-heading\">Information during times of crisis:<\/h4>\n\n\n\n<p>Tools contributing to the dissemination of crucial public information and the implementation of solutions for the general public to effectively address crises, be they health, environmental, economic, or political<\/p>\n\n\n\n<h4 class=\"wp-block-heading\">Harnessing new technologies:<\/h4>\n\n\n\n<p>Recent progress in artificial intelligence presents tremendous potential for editorial desks.<\/p>\n\n\n\n<p>The challenge lies in leveraging AI (and many technologies) wisely to&nbsp; support quality journalism. We&rsquo;re eager to hear your innovative ideas on how to achieve this!<\/p>\n\n\n\n<h2 class=\"wp-block-heading\">What&rsquo;s in store for you?<\/h2>\n\n\n\n<p><\/p>\n\n\n\n<h4 class=\"wp-block-heading\">Step 1: application and qualification phase<\/h4>\n\n\n\n<p>Apply until April 30, 2024 via the application form for SMART MEDIA ACCELERATOR 2024. The best teams get notified that they have access to the SMax e-learning platform.<\/p>\n\n\n\n<h4 class=\"wp-block-heading\">Step 2: pre-incubation program<\/h4>\n\n\n\n<p>Until July, teams have the opportunity to join online courses on the platform, providing necessary deliverables to apply for the incubation program. Following an evaluation and interview phase, selected teams will join the incubation program.<\/p>\n\n\n\n<h4 class=\"wp-block-heading\">Step 3: incubation program<\/h4>\n\n\n\n<p>The incubation program will run from September to November 2024. During this time, teams will develop their solutions in several stages and be able to call on experts on demand.<\/p>\n\n\n\n<p>MEDIA LOVES TECH is:<\/p>\n\n\n\n<ul class=\"wp-block-list\">\n<li>flexibility with alternation between online training and masterclasses;<\/li>\n\n\n\n<li>experts on demand;<\/li>\n\n\n\n<li>networking and opportunities, even after the program;<\/li>\n\n\n\n<li>a community of entrepreneurs and experts.<\/li>\n<\/ul>\n\n\n\n<p>The best project will be awarded \u20ac10,000 in funding at the closing ceremony on December 5 at the closing ceremony on December 5.<\/p>\n\n\n\n<h2 class=\"wp-block-heading\">Rules and Regulations<\/h2>\n\n\n\n<p>The complete regulations of MEDIA LOVES TECH 2024 edition can be consulted <a href=\"https:\/\/akademie.dw.de\/tunisiamedia\/reglement\/?lang=en\" data-type=\"link\" data-id=\"https:\/\/akademie.dw.de\/tunisiamedia\/faq-mlt\/?lang=en\" target=\"_blank\" rel=\"noreferrer noopener\">here<\/a>. You may also refer to the Frequently Asked Questions (<a href=\"https:\/\/akademie.dw.de\/tunisiamedia\/faq-mlt\/?lang=en\" data-type=\"link\" data-id=\"https:\/\/akademie.dw.de\/tunisiamedia\/faq-mlt\/?lang=en\" target=\"_blank\" rel=\"noreferrer noopener\">F.A.Q.<\/a>). Should you still have any questions at this stage, feel free to <a href=\"https:\/\/akademie.dw.de\/tunisiamedia\/a-propos\/?lang=en\/#contact\">contact us<\/a>.<\/p>\n\n\n\n<p><em>MEDIA LOVES TECH is an initiative of DW Akademie in cooperation with the Tunisian NGO Al Khatt. This program is funded by the European Union and the German Federal Ministry for Economic Cooperation and Development (BMZ).<\/em><\/p>\n","protected":false},"excerpt":{"rendered":"<p>Apply for SMART MEDIA ACCELERATOR 2024!Deadline : 30 April 2024! Is your media start-up shaped for success?The MEDIA LOVES TECH incubator helps you to find out! MEDIA LOVES TECH seeks to identify the best digital ideas and concepts for innovative and quality journalism. Launched by DW Akademie, the journalism training and media development division of &hellip; <\/p>\n<p class=\"link-more\"><a href=\"https:\/\/techsupport-dev.de\/tunisiamedia\/media-loves-tech\/?lang=en\" class=\"more-link\">Continuer la lecture<span class=\"screen-reader-text\"> de &laquo;&nbsp;MEDIA LOVES TECH&nbsp;&raquo;<\/span><\/a><\/p>\n","protected":false},"author":5,"featured_media":0,"parent":0,"menu_order":0,"comment_status":"closed","ping_status":"closed","template":"","meta":{"_monsterinsights_skip_tracking":false,"_monsterinsights_sitenote_active":false,"_monsterinsights_sitenote_note":"","_monsterinsights_sitenote_category":0,"footnotes":""},"class_list":["post-3336","page","type-page","status-publish","hentry"],"_links":{"self":[{"href":"https:\/\/techsupport-dev.de\/tunisiamedia\/wp-json\/wp\/v2\/pages\/3336","targetHints":{"allow":["GET"]}}],"collection":[{"href":"https:\/\/techsupport-dev.de\/tunisiamedia\/wp-json\/wp\/v2\/pages"}],"about":[{"href":"https:\/\/techsupport-dev.de\/tunisiamedia\/wp-json\/wp\/v2\/types\/page"}],"author":[{"embeddable":true,"href":"https:\/\/techsupport-dev.de\/tunisiamedia\/wp-json\/wp\/v2\/users\/5"}],"replies":[{"embeddable":true,"href":"https:\/\/techsupport-dev.de\/tunisiamedia\/wp-json\/wp\/v2\/comments?post=3336"}],"version-history":[{"count":48,"href":"https:\/\/techsupport-dev.de\/tunisiamedia\/wp-json\/wp\/v2\/pages\/3336\/revisions"}],"predecessor-version":[{"id":7934,"href":"https:\/\/techsupport-dev.de\/tunisiamedia\/wp-json\/wp\/v2\/pages\/3336\/revisions\/7934"}],"wp:attachment":[{"href":"https:\/\/techsupport-dev.de\/tunisiamedia\/wp-json\/wp\/v2\/media?parent=3336"}],"curies":[{"name":"wp","href":"https:\/\/api.w.org\/{rel}","templated":true}]}}