{"id":3333,"date":"2020-04-21T08:38:49","date_gmt":"2020-04-21T08:38:49","guid":{"rendered":"http:\/\/akademie.dw.de\/tunisiamedia\/?page_id=3333"},"modified":"2024-04-16T07:42:40","modified_gmt":"2024-04-16T07:42:40","slug":"media-loves-tech","status":"publish","type":"page","link":"https:\/\/techsupport-dev.de\/tunisiamedia\/media-loves-tech\/","title":{"rendered":"MEDIA LOVES TECH"},"content":{"rendered":"\n<figure class=\"wp-block-image size-full\"><a href=\"https:\/\/akademie.dw.de\/tunisiamedia\/sma-call-2024\/\" target=\"_blank\" rel=\"noreferrer noopener\"><img loading=\"lazy\" decoding=\"async\" width=\"960\" height=\"540\" src=\"https:\/\/akademie.dw.de\/tunisiamedia\/wp-content\/uploads\/2024\/04\/SMA2024APPLYBUTTON.png\" alt=\"\" class=\"wp-image-7870\" srcset=\"https:\/\/techsupport-dev.de\/tunisiamedia\/wp-content\/uploads\/2024\/04\/SMA2024APPLYBUTTON.png 960w, https:\/\/techsupport-dev.de\/tunisiamedia\/wp-content\/uploads\/2024\/04\/SMA2024APPLYBUTTON-350x197.png 350w, https:\/\/techsupport-dev.de\/tunisiamedia\/wp-content\/uploads\/2024\/04\/SMA2024APPLYBUTTON-768x432.png 768w\" sizes=\"auto, (max-width: 767px) 89vw, (max-width: 1000px) 54vw, (max-width: 1071px) 543px, 580px\" \/><\/a><\/figure>\n\n\n\n<h3 class=\"wp-block-heading has-text-align-center\"><strong>Participez vite au <a href=\"https:\/\/akademie.dw.de\/tunisiamedia\/sma-call-2024\/\" target=\"_blank\" rel=\"noreferrer noopener\">SMART MEDIA ACCELERATOR 2024<\/a> !<br>Deadline : 30 avril 2024 !<\/strong><\/h3>\n\n\n\n<p><\/p>\n\n\n\n<p><\/p>\n\n\n\n<hr class=\"wp-block-separator has-alpha-channel-opacity\"\/>\n\n\n\n<h3 class=\"wp-block-heading has-text-align-center\"><\/h3>\n\n\n\n<figure class=\"wp-block-image size-large is-resized\"><img loading=\"lazy\" decoding=\"async\" width=\"1024\" height=\"576\" src=\"https:\/\/akademie.dw.de\/tunisiamedia\/wp-content\/uploads\/2023\/07\/DWA-MLT-Video_Abspanntafel_1920x1080-FR-EU_Logo-1024x576.png\" alt=\"\" class=\"wp-image-6713\"\/><\/figure>\n\n\n\n<p><\/p>\n\n\n\n<h2 class=\"wp-block-heading\">Votre start-up m\u00e9dia est-elle taill\u00e9e pour le succ\u00e8s ?<br>L&rsquo;incubateur MEDIA LOVES TECH vous aide \u00e0 le savoir !<\/h2>\n\n\n\n<p><\/p>\n\n\n\n<p>MEDIA LOVES TECH cherche \u00e0 identifier les meilleur.e.s id\u00e9es et concepts num\u00e9riques pour un journalisme innovant et de qualit\u00e9. <\/p>\n\n\n\n<p>Lanc\u00e9 par DW Akademie, le centre de la Deutsche Welle pour le d\u00e9veloppement international des m\u00e9dias, la formation journalistique et le transfert de connaissances, MEDIA LOVES TECH est une comp\u00e9tition ouverte aux journalistes, entrepreneurs start-ups, chefs de projet, esprits cr\u00e9atifs, d\u00e9veloppeurs, designers, acteurs de la soci\u00e9t\u00e9 civile et \u00e0 toute autre personne ou organisation qui souhaite, par le biais de l&rsquo;innovation &#8211; am\u00e9liorer les m\u00e9dias en Tunisie, au Maroc et en Alg\u00e9rie.<\/p>\n\n\n\n<p>La meilleure id\u00e9e d&rsquo;innovation en mati\u00e8re de journalisme num\u00e9rique en Tunisie, au Maroc et en Alg\u00e9rie recevra 10 000 \u20ac.<\/p>\n\n\n\n<h2 class=\"wp-block-heading\" id=\"etapes\">Les \u00e9tapes de la comp\u00e9tition<\/h2>\n\n\n\n<figure class=\"wp-block-image size-large is-resized\"><img loading=\"lazy\" decoding=\"async\" width=\"1024\" height=\"413\" src=\"https:\/\/akademie.dw.de\/tunisiamedia\/wp-content\/uploads\/2024\/04\/MLT-Timeline-2024_V02_SchPau-1024x413.jpg\" alt=\"\" class=\"wp-image-7927\" style=\"width:1232px;height:auto\" srcset=\"https:\/\/techsupport-dev.de\/tunisiamedia\/wp-content\/uploads\/2024\/04\/MLT-Timeline-2024_V02_SchPau-1024x413.jpg 1024w, https:\/\/techsupport-dev.de\/tunisiamedia\/wp-content\/uploads\/2024\/04\/MLT-Timeline-2024_V02_SchPau-350x141.jpg 350w, https:\/\/techsupport-dev.de\/tunisiamedia\/wp-content\/uploads\/2024\/04\/MLT-Timeline-2024_V02_SchPau-768x310.jpg 768w, https:\/\/techsupport-dev.de\/tunisiamedia\/wp-content\/uploads\/2024\/04\/MLT-Timeline-2024_V02_SchPau-1536x619.jpg 1536w, https:\/\/techsupport-dev.de\/tunisiamedia\/wp-content\/uploads\/2024\/04\/MLT-Timeline-2024_V02_SchPau.jpg 1915w\" sizes=\"auto, (max-width: 767px) 89vw, (max-width: 1000px) 54vw, (max-width: 1071px) 543px, 580px\" \/><\/figure>\n\n\n\n\n\n<h2 class=\"wp-block-heading\">Objectif de la comp\u00e9tition<\/h2>\n\n\n\n<p><\/p>\n\n\n\n<p>L\u2019objectif de MEDIA LOVES TECH est d\u2019identifier et de faciliter la mise en \u0153uvre de solutions efficaces pour relever les d\u00e9fis et les probl\u00e8mes auxquels sont confront\u00e9s les m\u00e9dias et le journalisme en Tunisie, au Maroc et en Alg\u00e9rie. <\/p>\n\n\n\n<p>MEDIA LOVES TECH exploite le pouvoir du crowdsourcing, qui consiste \u00e0 faire collaborer les internautes pour trouver ensemble des id\u00e9es, des services ou des contenus. En termes simples, le crowdsourcing consiste \u00e0 faire travailler la foule ensemble pour partager des informations, ce qui favorise les id\u00e9es et la cr\u00e9ativit\u00e9.<\/p>\n\n\n\n<p>MEDIA LOVES TECH vous offre la possibilit\u00e9 de plonger dans le monde de l&rsquo;entrepreneuriat m\u00e9dia, de tester vos id\u00e9es et de vous pr\u00e9parer \u00e0 les lancer sur le march\u00e9.<\/p>\n\n\n\n<p><\/p>\n\n\n\n<figure class=\"wp-block-image size-large\"><img loading=\"lazy\" decoding=\"async\" width=\"1024\" height=\"683\" src=\"https:\/\/akademie.dw.de\/tunisiamedia\/wp-content\/uploads\/2023\/07\/DSC07866-1024x683.jpg\" alt=\"\" class=\"wp-image-6754\" srcset=\"https:\/\/techsupport-dev.de\/tunisiamedia\/wp-content\/uploads\/2023\/07\/DSC07866-1024x683.jpg 1024w, https:\/\/techsupport-dev.de\/tunisiamedia\/wp-content\/uploads\/2023\/07\/DSC07866-350x233.jpg 350w, https:\/\/techsupport-dev.de\/tunisiamedia\/wp-content\/uploads\/2023\/07\/DSC07866-768x512.jpg 768w, https:\/\/techsupport-dev.de\/tunisiamedia\/wp-content\/uploads\/2023\/07\/DSC07866-1536x1024.jpg 1536w, https:\/\/techsupport-dev.de\/tunisiamedia\/wp-content\/uploads\/2023\/07\/DSC07866-2048x1365.jpg 2048w, https:\/\/techsupport-dev.de\/tunisiamedia\/wp-content\/uploads\/2023\/07\/DSC07866-24x16.jpg 24w, https:\/\/techsupport-dev.de\/tunisiamedia\/wp-content\/uploads\/2023\/07\/DSC07866-36x24.jpg 36w, https:\/\/techsupport-dev.de\/tunisiamedia\/wp-content\/uploads\/2023\/07\/DSC07866-48x32.jpg 48w\" sizes=\"auto, (max-width: 767px) 89vw, (max-width: 1000px) 54vw, (max-width: 1071px) 543px, 580px\" \/><figcaption class=\"wp-element-caption\">L&rsquo;\u00e9quipe et les participants de MEDIA LOVES TECH lors des Assises du Journalisme 2022 \u00e0 Tunis<br>Cr\u00e9dit : Gorilla Hub<\/figcaption><\/figure>\n\n\n\n<h2 class=\"wp-block-heading\" id=\"Themes\">Les projets recherch\u00e9s<\/h2>\n\n\n\n<p><\/p>\n\n\n\n<p>MEDIA LOVES TECH recherche :<\/p>\n\n\n\n<ul class=\"wp-block-list\">\n<li>des solutions pour am\u00e9liorer l&rsquo;acc\u00e8s \u00e0 l&rsquo;information ;<\/li>\n\n\n\n<li>des outils pour optimiser le travail des journalistes et des m\u00e9dias (traitement des donn\u00e9es\/organisation\/visualisation) ;<\/li>\n\n\n\n<li>des id\u00e9es pour am\u00e9liorer l&rsquo;interaction des m\u00e9dias avec le public (tracking, mesure d&rsquo;audience, engagement, feedbacks) ;<\/li>\n\n\n\n<li>des approches cr\u00e9atives des nouveaux formats d&rsquo;information ;<\/li>\n\n\n\n<li>cette liste n&rsquo;est pas exhaustive et les propositions inventives sont les bienvenues !<\/li>\n<\/ul>\n\n\n\n<h4 class=\"wp-block-heading\">Journalisme scientifique<\/h4>\n\n\n\n<p>Des solutions qui permettent aux journalistes d&rsquo;am\u00e9liorer la couverture de l&rsquo;actualit\u00e9 scientifique, de faciliter sa vulgarisation et d&rsquo;assurer une diffusion efficace aupr\u00e8s du grand public.<\/p>\n\n\n\n<h4 class=\"wp-block-heading\">Journalisme citoyen :<\/h4>\n\n\n\n<p>Des outils qui permettent d&rsquo;atteindre des publics sp\u00e9cifiques (par ex. : des communaut\u00e9s locales) et de mettre en relation les journalistes citoyens et les m\u00e9dias. L&rsquo;objectif est d&rsquo;accro\u00eetre les capacit\u00e9s de production et de consommation pour atteindre de nouveaux publics.<\/p>\n\n\n\n<h4 class=\"wp-block-heading\">V\u00e9rification des contenus (fact-checking) \/ lutte contre la d\u00e9sinformation et les fake news :<\/h4>\n\n\n\n<p>Dans des contextes politiques fragiles, notamment lors de p\u00e9riodes \u00e9lectorales ou de crises, Tunisiens, Marocains et Alg\u00e9riens \u00e9prouvent des difficult\u00e9s \u00e0 distinguer l\u2019information de la d\u00e9sinformation. Des commentaires sont souvent partag\u00e9s sans contexte, et les articles et rapports ont tendance \u00e0 interpr\u00e9ter les faits de mani\u00e8re impr\u00e9cise, en n\u00e9gligeant souvent des nuances importantes.<\/p>\n\n\n\n<h4 class=\"wp-block-heading\">Couverture d&rsquo;\u00e9lections :<\/h4>\n\n\n\n<p>\u00c0 l\u2019approche d&rsquo;\u00e9lections, les m\u00e9dias ont besoin d\u2019outils pour assurer une couverture de qualit\u00e9. <\/p>\n\n\n\n<h4 class=\"wp-block-heading\">Datajournalisme :<\/h4>\n\n\n\n<p>Cr\u00e9er des outils et des technologies con\u00e7us pour aider les m\u00e9dias \u00e0 analyser, traiter ou visualiser des donn\u00e9es.<\/p>\n\n\n\n<h4 class=\"wp-block-heading\">Viabilit\u00e9 des m\u00e9dias :<\/h4>\n\n\n\n<p>Des outils innovants pour assurer la viabilit\u00e9 \u00e9conomique et financi\u00e8re de projets m\u00e9dias.<\/p>\n\n\n\n<h4 class=\"wp-block-heading\">Dialogue avec les pouvoirs publics :<\/h4>\n\n\n\n<p>D\u00e9velopper des outils contribuant \u00e0 une plus grande transparence de l\u2019action publique et favorisant le dialogue entre les citoyens et les d\u00e9cideurs politiques et \u00e9conomiques.<\/p>\n\n\n\n<h4 class=\"wp-block-heading\">Information en p\u00e9riode de crise :<\/h4>\n\n\n\n<p>Outils contribuant \u00e0 la diffusion d&rsquo;informations d&rsquo;utilit\u00e9 publique et \u00e0 la mise en \u0153uvre de solutions pour que le grand public puisse faire face efficacement aux crises qu&rsquo;elles soient sanitaires, environnementales, \u00e9conomiques ou politiques. <\/p>\n\n\n\n<h4 class=\"wp-block-heading\">Exploitation des nouvelles technologies :<\/h4>\n\n\n\n<p>Les progr\u00e8s r\u00e9cents dans le domaine de l&rsquo;intelligence artificielle offrent un potentiel \u00e9norme pour les r\u00e9dactions. Le d\u00e9fi consiste \u00e0 exploiter judicieusement l&rsquo;IA (et de nombreuses autres technologies) pour soutenir un journalisme de qualit\u00e9. Nous sommes impatients de d\u00e9couvrir vos id\u00e9es novatrices sur la mani\u00e8re d&rsquo;y parvenir !<\/p>\n\n\n\n<h2 class=\"wp-block-heading\">Qu&rsquo;est-ce qui vous attend ?<\/h2>\n\n\n\n<p><\/p>\n\n\n\n<h4 class=\"wp-block-heading\">\u00c9tape 1<strong> :<\/strong> phase de candidature et de qualification<\/h4>\n\n\n\n<p>Candidatez jusqu&rsquo;au 30 avril 2024 via le formulaire de candidature SMART MEDIA ACCELERATOR 2024. Les meilleures \u00e9quipes re\u00e7oivent une notification leur indiquant qu&rsquo;elles ont acc\u00e8s \u00e0 la plateforme d&rsquo;e-learning SMAx.<\/p>\n\n\n\n<h4 class=\"wp-block-heading\">\u00c9tape 2 : programme de pr\u00e9-incubation<\/h4>\n\n\n\n<p>Jusqu&rsquo;au mois de juillet, les \u00e9quipes ont la possibilit\u00e9 de suivre des cours en ligne sur la plateforme et de fournir les livrables n\u00e9cessaires pour postuler au programme d&rsquo;incubation. Apr\u00e8s une phase d&rsquo;\u00e9valuation et d&rsquo;entretien, les \u00e9quipes s\u00e9lectionn\u00e9es int\u00e8grent le programme d&rsquo;incubation.<\/p>\n\n\n\n<h4 class=\"wp-block-heading\">\u00c9tape 3 : programme d&rsquo;incubation<\/h4>\n\n\n\n<p>Le programme d\u2019incubation se d\u00e9roulera de septembre \u00e0 novembre 2024. Durant cette p\u00e9riode, les \u00e9quipes d\u00e9velopperont leurs solutions  en plusieurs \u00e9tapes et pourront faire appel \u00e0 des experts \u00e0 la demande. <\/p>\n\n\n\n<p><\/p>\n\n\n\n<p>MEDIA LOVES TECH, c&rsquo;est \u00e0 la fois : <\/p>\n\n\n\n<ul class=\"wp-block-list\">\n<li>de la flexibilit\u00e9 avec une alternance entre des formations en ligne et des masterclasses ;<\/li>\n\n\n\n<li>des experts \u00e0 la demande ;<\/li>\n\n\n\n<li>du networking et des opportunit\u00e9s, m\u00eame apr\u00e8s le programme ;<\/li>\n\n\n\n<li>une communaut\u00e9 d&rsquo;entrepreneur.se.s et d&rsquo;expert.e.s.<\/li>\n<\/ul>\n\n\n\n<p>Le meilleur projet recevra un financement de 10 000 \u20ac qui sera remis \u00e0 l\u2019\u00e9quipe gagnante lors de la c\u00e9r\u00e9monie de cl\u00f4ture, le 5 d\u00e9cembre 2024. <\/p>\n\n\n\n<h2 class=\"wp-block-heading\">R\u00e8glement<\/h2>\n\n\n\n<p><\/p>\n\n\n\n<p>Le r\u00e8glement complet de l\u2019\u00e9dition 2024 de MEDIA LOVES TECH est \u00e0 consulter <a href=\"https:\/\/akademie.dw.de\/tunisiamedia\/reglement\/\" target=\"_blank\" rel=\"noreferrer noopener\">ici<\/a>.<br>Vous pouvez \u00e9galement consulter la Foire Aux Questions (<a href=\"https:\/\/akademie.dw.de\/tunisiamedia\/faq-mlt\/\" target=\"_blank\" rel=\"noreferrer noopener\">F.A.Q.<\/a>). Si vous avez encore des questions \u00e0 ce stade, n\u2019h\u00e9sitez pas \u00e0 <a href=\"\/tunisiamedia\/a-propos\/#contact\" rel=\"noreferrer noopener\">nous contacter<\/a>.<\/p>\n\n\n\n<p><\/p>\n\n\n\n<p><\/p>\n\n\n\n<p><strong><em>MEDIA LOVES TECH est une initiative de DW Akademie en coop\u00e9ration avec l&rsquo;ONG tunisienne Al Khatt. Ce programme est financ\u00e9 par l&rsquo;Union europ\u00e9enne et le minist\u00e8re f\u00e9d\u00e9ral allemand de la Coop\u00e9ration \u00e9conomique et du D\u00e9veloppement (BMZ).<\/em><\/strong><\/p>\n","protected":false},"excerpt":{"rendered":"<p>Participez vite au SMART MEDIA ACCELERATOR 2024 !Deadline : 30 avril 2024 ! Votre start-up m\u00e9dia est-elle taill\u00e9e pour le succ\u00e8s ?L&rsquo;incubateur MEDIA LOVES TECH vous aide \u00e0 le savoir ! MEDIA LOVES TECH cherche \u00e0 identifier les meilleur.e.s id\u00e9es et concepts num\u00e9riques pour un journalisme innovant et de qualit\u00e9. Lanc\u00e9 par DW Akademie, le &hellip; <\/p>\n<p class=\"link-more\"><a href=\"https:\/\/techsupport-dev.de\/tunisiamedia\/media-loves-tech\/\" class=\"more-link\">Continuer la lecture<span class=\"screen-reader-text\"> de &laquo;&nbsp;MEDIA LOVES TECH&nbsp;&raquo;<\/span><\/a><\/p>\n","protected":false},"author":5,"featured_media":0,"parent":0,"menu_order":0,"comment_status":"closed","ping_status":"closed","template":"","meta":{"_monsterinsights_skip_tracking":false,"_monsterinsights_sitenote_active":false,"_monsterinsights_sitenote_note":"","_monsterinsights_sitenote_category":0,"footnotes":""},"class_list":["post-3333","page","type-page","status-publish","hentry"],"_links":{"self":[{"href":"https:\/\/techsupport-dev.de\/tunisiamedia\/wp-json\/wp\/v2\/pages\/3333","targetHints":{"allow":["GET"]}}],"collection":[{"href":"https:\/\/techsupport-dev.de\/tunisiamedia\/wp-json\/wp\/v2\/pages"}],"about":[{"href":"https:\/\/techsupport-dev.de\/tunisiamedia\/wp-json\/wp\/v2\/types\/page"}],"author":[{"embeddable":true,"href":"https:\/\/techsupport-dev.de\/tunisiamedia\/wp-json\/wp\/v2\/users\/5"}],"replies":[{"embeddable":true,"href":"https:\/\/techsupport-dev.de\/tunisiamedia\/wp-json\/wp\/v2\/comments?post=3333"}],"version-history":[{"count":98,"href":"https:\/\/techsupport-dev.de\/tunisiamedia\/wp-json\/wp\/v2\/pages\/3333\/revisions"}],"predecessor-version":[{"id":7930,"href":"https:\/\/techsupport-dev.de\/tunisiamedia\/wp-json\/wp\/v2\/pages\/3333\/revisions\/7930"}],"wp:attachment":[{"href":"https:\/\/techsupport-dev.de\/tunisiamedia\/wp-json\/wp\/v2\/media?parent=3333"}],"curies":[{"name":"wp","href":"https:\/\/api.w.org\/{rel}","templated":true}]}}