{"id":2997,"date":"2020-03-17T14:39:12","date_gmt":"2020-03-17T14:39:12","guid":{"rendered":"http:\/\/akademie.dw.de\/tunisiamedia\/?page_id=2997"},"modified":"2023-07-31T11:39:31","modified_gmt":"2023-07-31T11:39:31","slug":"mlt-family-2","status":"publish","type":"page","link":"https:\/\/techsupport-dev.de\/tunisiamedia\/mlt-family-2\/","title":{"rendered":"L&rsquo;\u00c9QUIPE"},"content":{"rendered":"\n<h1 class=\"wp-block-heading\" id=\"equipe\">L&rsquo;\u00c9QUIPE SMA<\/h1>\n\n\n\n<figure class=\"wp-block-gallery has-nested-images columns-3 is-cropped wp-block-gallery-1 is-layout-flex wp-block-gallery-is-layout-flex\">\n<figure class=\"wp-block-image size-large\"><img loading=\"lazy\" decoding=\"async\" width=\"500\" height=\"500\" data-id=\"3382\" src=\"http:\/\/akademie.dw.de\/tunisiamedia\/wp-content\/uploads\/2020\/04\/TEAM_MLT_malek2.jpg\" alt=\"Portrait Malek Khadhraoui \/ Al Khatt\" class=\"wp-image-3382\" srcset=\"https:\/\/techsupport-dev.de\/tunisiamedia\/wp-content\/uploads\/2020\/04\/TEAM_MLT_malek2.jpg 500w, https:\/\/techsupport-dev.de\/tunisiamedia\/wp-content\/uploads\/2020\/04\/TEAM_MLT_malek2-350x350.jpg 350w, https:\/\/techsupport-dev.de\/tunisiamedia\/wp-content\/uploads\/2020\/04\/TEAM_MLT_malek2-150x150.jpg 150w, https:\/\/techsupport-dev.de\/tunisiamedia\/wp-content\/uploads\/2020\/04\/TEAM_MLT_malek2-100x100.jpg 100w, https:\/\/techsupport-dev.de\/tunisiamedia\/wp-content\/uploads\/2020\/04\/TEAM_MLT_malek2-24x24.jpg 24w, https:\/\/techsupport-dev.de\/tunisiamedia\/wp-content\/uploads\/2020\/04\/TEAM_MLT_malek2-36x36.jpg 36w, https:\/\/techsupport-dev.de\/tunisiamedia\/wp-content\/uploads\/2020\/04\/TEAM_MLT_malek2-48x48.jpg 48w\" sizes=\"auto, (max-width: 500px) 100vw, 500px\" \/><figcaption class=\"wp-element-caption\">Malek Khadhraoui<br>Al Khatt<\/figcaption><\/figure>\n\n\n\n<figure class=\"wp-block-image size-large\"><img loading=\"lazy\" decoding=\"async\" width=\"500\" height=\"500\" data-id=\"3391\" src=\"http:\/\/akademie.dw.de\/tunisiamedia\/wp-content\/uploads\/2020\/04\/TEAM_MLT_vera2.jpg\" alt=\"Portrait Vera M\u00f6ller-Hotkamp \/ DW Akademie\" class=\"wp-image-3391\" srcset=\"https:\/\/techsupport-dev.de\/tunisiamedia\/wp-content\/uploads\/2020\/04\/TEAM_MLT_vera2.jpg 500w, https:\/\/techsupport-dev.de\/tunisiamedia\/wp-content\/uploads\/2020\/04\/TEAM_MLT_vera2-350x350.jpg 350w, https:\/\/techsupport-dev.de\/tunisiamedia\/wp-content\/uploads\/2020\/04\/TEAM_MLT_vera2-150x150.jpg 150w, https:\/\/techsupport-dev.de\/tunisiamedia\/wp-content\/uploads\/2020\/04\/TEAM_MLT_vera2-100x100.jpg 100w, https:\/\/techsupport-dev.de\/tunisiamedia\/wp-content\/uploads\/2020\/04\/TEAM_MLT_vera2-24x24.jpg 24w, https:\/\/techsupport-dev.de\/tunisiamedia\/wp-content\/uploads\/2020\/04\/TEAM_MLT_vera2-36x36.jpg 36w, https:\/\/techsupport-dev.de\/tunisiamedia\/wp-content\/uploads\/2020\/04\/TEAM_MLT_vera2-48x48.jpg 48w\" sizes=\"auto, (max-width: 500px) 100vw, 500px\" \/><figcaption class=\"wp-element-caption\">Vera M\u00f6ller-Hotkamp<br>DW Akademie<\/figcaption><\/figure>\n\n\n\n<figure class=\"wp-block-image size-large\"><img decoding=\"async\" data-id=\"3388\" src=\"https:\/\/akademie.dw.de\/tunisiamedia\/wp-content\/uploads\/2023\/07\/Paul-square.jpg\" alt=\"Portrait Paul Sch\u00fctte \/ DW Akademi\" class=\"wp-image-3388\"\/><figcaption class=\"wp-element-caption\">Paul Sch\u00fctte<br>DW Akademie<\/figcaption><\/figure>\n\n\n\n<figure class=\"wp-block-image size-large\"><img decoding=\"async\" data-id=\"3394\" src=\"https:\/\/akademie.dw.de\/tunisiamedia\/wp-content\/uploads\/2023\/07\/Wael-yahyaoui-square.jpg\" alt=\"Portrait Wael Yahyaoui\" class=\"wp-image-3394\"\/><figcaption class=\"wp-element-caption\">Wael Yahyaoui<br>DWA Consultant<\/figcaption><\/figure>\n\n\n\n<figure class=\"wp-block-image size-large\"><img loading=\"lazy\" decoding=\"async\" width=\"500\" height=\"500\" data-id=\"3379\" src=\"http:\/\/akademie.dw.de\/tunisiamedia\/wp-content\/uploads\/2020\/04\/TEAM_MLT_cyrine2.jpg\" alt=\"Portrait Cyrine Ben Saad \/ DW Akademie\" class=\"wp-image-3379\" srcset=\"https:\/\/techsupport-dev.de\/tunisiamedia\/wp-content\/uploads\/2020\/04\/TEAM_MLT_cyrine2.jpg 500w, https:\/\/techsupport-dev.de\/tunisiamedia\/wp-content\/uploads\/2020\/04\/TEAM_MLT_cyrine2-350x350.jpg 350w, https:\/\/techsupport-dev.de\/tunisiamedia\/wp-content\/uploads\/2020\/04\/TEAM_MLT_cyrine2-150x150.jpg 150w, https:\/\/techsupport-dev.de\/tunisiamedia\/wp-content\/uploads\/2020\/04\/TEAM_MLT_cyrine2-100x100.jpg 100w, https:\/\/techsupport-dev.de\/tunisiamedia\/wp-content\/uploads\/2020\/04\/TEAM_MLT_cyrine2-24x24.jpg 24w, https:\/\/techsupport-dev.de\/tunisiamedia\/wp-content\/uploads\/2020\/04\/TEAM_MLT_cyrine2-36x36.jpg 36w, https:\/\/techsupport-dev.de\/tunisiamedia\/wp-content\/uploads\/2020\/04\/TEAM_MLT_cyrine2-48x48.jpg 48w\" sizes=\"auto, (max-width: 500px) 100vw, 500px\" \/><figcaption class=\"wp-element-caption\">Cyrine Ben Saad<br>DW Akademie<\/figcaption><\/figure>\n\n\n\n<figure class=\"wp-block-image size-large\"><img loading=\"lazy\" decoding=\"async\" width=\"500\" height=\"500\" data-id=\"3397\" src=\"http:\/\/akademie.dw.de\/tunisiamedia\/wp-content\/uploads\/2020\/04\/TEAM_MLT_benoit.jpg\" alt=\"Portrait Benoit Faedo \/ DW Akademie\" class=\"wp-image-3397\" srcset=\"https:\/\/techsupport-dev.de\/tunisiamedia\/wp-content\/uploads\/2020\/04\/TEAM_MLT_benoit.jpg 500w, https:\/\/techsupport-dev.de\/tunisiamedia\/wp-content\/uploads\/2020\/04\/TEAM_MLT_benoit-350x350.jpg 350w, https:\/\/techsupport-dev.de\/tunisiamedia\/wp-content\/uploads\/2020\/04\/TEAM_MLT_benoit-150x150.jpg 150w, https:\/\/techsupport-dev.de\/tunisiamedia\/wp-content\/uploads\/2020\/04\/TEAM_MLT_benoit-100x100.jpg 100w, https:\/\/techsupport-dev.de\/tunisiamedia\/wp-content\/uploads\/2020\/04\/TEAM_MLT_benoit-24x24.jpg 24w, https:\/\/techsupport-dev.de\/tunisiamedia\/wp-content\/uploads\/2020\/04\/TEAM_MLT_benoit-36x36.jpg 36w, https:\/\/techsupport-dev.de\/tunisiamedia\/wp-content\/uploads\/2020\/04\/TEAM_MLT_benoit-48x48.jpg 48w\" sizes=\"auto, (max-width: 500px) 100vw, 500px\" \/><figcaption class=\"wp-element-caption\">Beno\u00eet Faedo<br>DW Akademie<\/figcaption><\/figure>\n\n\n\n<figure class=\"wp-block-image size-large\"><img decoding=\"async\" data-id=\"3613\" src=\"https:\/\/akademie.dw.de\/tunisiamedia\/wp-content\/uploads\/2023\/07\/Raouaa-Selmi-square.jpg\" alt=\"Potrait Raouaa Selmi \/ Al Khatt\" class=\"wp-image-3613\"\/><figcaption class=\"wp-element-caption\">Raouaa Selmi<br>Al Khatt<\/figcaption><\/figure>\n\n\n\n<figure class=\"wp-block-image size-large\"><img loading=\"lazy\" decoding=\"async\" width=\"500\" height=\"500\" data-id=\"3385\" src=\"http:\/\/akademie.dw.de\/tunisiamedia\/wp-content\/uploads\/2020\/04\/TEAM_MLT_mariam2.jpg\" alt=\"Porrtrait Mariam Maazi\" class=\"wp-image-3385\" srcset=\"https:\/\/techsupport-dev.de\/tunisiamedia\/wp-content\/uploads\/2020\/04\/TEAM_MLT_mariam2.jpg 500w, https:\/\/techsupport-dev.de\/tunisiamedia\/wp-content\/uploads\/2020\/04\/TEAM_MLT_mariam2-350x350.jpg 350w, https:\/\/techsupport-dev.de\/tunisiamedia\/wp-content\/uploads\/2020\/04\/TEAM_MLT_mariam2-150x150.jpg 150w, https:\/\/techsupport-dev.de\/tunisiamedia\/wp-content\/uploads\/2020\/04\/TEAM_MLT_mariam2-100x100.jpg 100w, https:\/\/techsupport-dev.de\/tunisiamedia\/wp-content\/uploads\/2020\/04\/TEAM_MLT_mariam2-24x24.jpg 24w, https:\/\/techsupport-dev.de\/tunisiamedia\/wp-content\/uploads\/2020\/04\/TEAM_MLT_mariam2-36x36.jpg 36w, https:\/\/techsupport-dev.de\/tunisiamedia\/wp-content\/uploads\/2020\/04\/TEAM_MLT_mariam2-48x48.jpg 48w\" sizes=\"auto, (max-width: 500px) 100vw, 500px\" \/><figcaption class=\"wp-element-caption\">Mariam Maazi<br>DW Akademie<\/figcaption><\/figure>\n\n\n<\/figure>\n\n\n\n<p><\/p>\n\n\n\n<h1 class=\"wp-block-heading\" id=\"experts\">EXPERTS<\/h1>\n\n\n\n<div class=\"wp-block-media-text alignwide is-stacked-on-mobile\" style=\"grid-template-columns:28% auto\"><figure class=\"wp-block-media-text__media\"><img decoding=\"async\" src=\"https:\/\/techsupport-dev.de\/tunisiamedia\/wp-content\/uploads\/2020\/09\/ines_cheniour.jpg\" alt=\"Portrait Ines Cheniour\" class=\"wp-image-4856 size-full\"\/><\/figure><div class=\"wp-block-media-text__content\">\n<h2 class=\"wp-block-heading\">INES CHENIOUR<\/h2>\n\n\n\n<p>Ines est consultante en entreprise et facilitatrice d&rsquo;approches centr\u00e9es sur l&rsquo;humain. Elle a fond\u00e9 COMMITT, un cabinet de conseil engag\u00e9, sp\u00e9cialis\u00e9 dans les m\u00e9thodologies d&rsquo;innovation et la d\u00e9mocratisation des exp\u00e9riences d&rsquo;apprentissage.<\/p>\n\n\n\n<p><a href=\"\/tunisiamedia\/wp-content\/uploads\/2021\/06\/INES-CHENIOUR_BIO_2021.docx\" target=\"_blank\" rel=\"noreferrer noopener\">Lire sa bio (en anglais).<\/a><\/p>\n<\/div><\/div>\n\n\n\n<div class=\"wp-block-media-text alignwide is-stacked-on-mobile\" style=\"grid-template-columns:28% auto\"><figure class=\"wp-block-media-text__media\"><img loading=\"lazy\" decoding=\"async\" width=\"682\" height=\"730\" src=\"https:\/\/techsupport-dev.de\/tunisiamedia\/wp-content\/uploads\/2021\/05\/Amina_Ellouze.png\" alt=\"Portrait Amina Ellouze\" class=\"wp-image-4694 size-full\" srcset=\"https:\/\/techsupport-dev.de\/tunisiamedia\/wp-content\/uploads\/2021\/05\/Amina_Ellouze.png 682w, https:\/\/techsupport-dev.de\/tunisiamedia\/wp-content\/uploads\/2021\/05\/Amina_Ellouze-327x350.png 327w, https:\/\/techsupport-dev.de\/tunisiamedia\/wp-content\/uploads\/2021\/05\/Amina_Ellouze-22x24.png 22w, https:\/\/techsupport-dev.de\/tunisiamedia\/wp-content\/uploads\/2021\/05\/Amina_Ellouze-34x36.png 34w, https:\/\/techsupport-dev.de\/tunisiamedia\/wp-content\/uploads\/2021\/05\/Amina_Ellouze-45x48.png 45w\" sizes=\"auto, (max-width: 682px) 100vw, 682px\" \/><\/figure><div class=\"wp-block-media-text__content\">\n<h2 class=\"wp-block-heading\">AMINA ELLOUZE<\/h2>\n\n\n\n<p>Amina est  coach professionnel &#8211; formatrice &#8211; enseignante exp\u00e9riment\u00e9e travaillant dans le changement organisationnel, le d\u00e9veloppement des leaders et le coaching ex\u00e9cutif.<br><br><a href=\"https:\/\/techsupport-dev.de\/tunisiamedia\/wp-content\/uploads\/2021\/05\/Amina_Ellouze_Biographie-2021.docx\" target=\"_blank\" rel=\"noreferrer noopener\">Lire sa bio.<\/a><\/p>\n<\/div><\/div>\n\n\n\n<div class=\"wp-block-media-text alignwide is-stacked-on-mobile\" style=\"grid-template-columns:28% auto\"><figure class=\"wp-block-media-text__media\"><img loading=\"lazy\" decoding=\"async\" width=\"200\" height=\"200\" src=\"https:\/\/techsupport-dev.de\/tunisiamedia\/wp-content\/uploads\/2020\/09\/amine_lamine.jpg\" alt=\"Portrait Amine Lamine\" class=\"wp-image-3711 size-full\" srcset=\"https:\/\/techsupport-dev.de\/tunisiamedia\/wp-content\/uploads\/2020\/09\/amine_lamine.jpg 200w, https:\/\/techsupport-dev.de\/tunisiamedia\/wp-content\/uploads\/2020\/09\/amine_lamine-150x150.jpg 150w, https:\/\/techsupport-dev.de\/tunisiamedia\/wp-content\/uploads\/2020\/09\/amine_lamine-100x100.jpg 100w\" sizes=\"auto, (max-width: 200px) 100vw, 200px\" \/><\/figure><div class=\"wp-block-media-text__content\">\n<h2 class=\"wp-block-heading\">AMINE LAMINE<\/h2>\n\n\n\n<p>Amine est directeur artistique et consultant dans le secteur du design et de la communication. Il est le fondateur de Chaba7Studio, un programme de formation cr\u00e9ative qui vise \u00e0 promouvoir et \u00e0 d\u00e9velopper la pens\u00e9e et le potentiel cr\u00e9atifs dans les secteurs du design et de la technologie.<\/p>\n<\/div><\/div>\n\n\n\n<div class=\"wp-block-media-text alignwide is-stacked-on-mobile\" style=\"grid-template-columns:28% auto\"><figure class=\"wp-block-media-text__media\"><img decoding=\"async\" src=\"https:\/\/akademie.dw.de\/tunisiamedia\/wp-content\/uploads\/2023\/07\/elyes-manai-200x200-3.jpg\" alt=\"Portrait Elyes Manai\" class=\"wp-image-4899 size-full\"\/><\/figure><div class=\"wp-block-media-text__content\">\n<h2 class=\"wp-block-heading\">ELYES MANAI<\/h2>\n\n\n\n<p>Elyes est Google ML Expert et forme des personnes \u00e0 l&rsquo;aspect technique de l&rsquo;IA ainsi qu&rsquo;\u00e0 ses implications commerciales. Il soutient \u00e9galement les fondateurs de start-ups en les aidant \u00e0 d\u00e9velopper leurs activit\u00e9s gr\u00e2ce aux donn\u00e9es et \u00e0 l&rsquo;IA.<\/p>\n\n\n\n<p><a href=\"\/tunisiamedia\/wp-content\/uploads\/2021\/06\/ILYES-MANAI_BIO_2021.docx\" target=\"_blank\" rel=\"noreferrer noopener\">Lire sa bio (en anglais).<\/a><\/p>\n<\/div><\/div>\n\n\n\n<div class=\"wp-block-media-text alignwide is-stacked-on-mobile\" style=\"grid-template-columns:28% auto\"><figure class=\"wp-block-media-text__media\"><img loading=\"lazy\" decoding=\"async\" width=\"500\" height=\"500\" src=\"https:\/\/techsupport-dev.de\/tunisiamedia\/wp-content\/uploads\/2020\/04\/brahim_turki.jpg\" alt=\"Portrait Brahim Turki\" class=\"wp-image-3364 size-full\" srcset=\"https:\/\/techsupport-dev.de\/tunisiamedia\/wp-content\/uploads\/2020\/04\/brahim_turki.jpg 500w, https:\/\/techsupport-dev.de\/tunisiamedia\/wp-content\/uploads\/2020\/04\/brahim_turki-350x350.jpg 350w, https:\/\/techsupport-dev.de\/tunisiamedia\/wp-content\/uploads\/2020\/04\/brahim_turki-150x150.jpg 150w, https:\/\/techsupport-dev.de\/tunisiamedia\/wp-content\/uploads\/2020\/04\/brahim_turki-100x100.jpg 100w, https:\/\/techsupport-dev.de\/tunisiamedia\/wp-content\/uploads\/2020\/04\/brahim_turki-24x24.jpg 24w, https:\/\/techsupport-dev.de\/tunisiamedia\/wp-content\/uploads\/2020\/04\/brahim_turki-36x36.jpg 36w, https:\/\/techsupport-dev.de\/tunisiamedia\/wp-content\/uploads\/2020\/04\/brahim_turki-48x48.jpg 48w\" sizes=\"auto, (max-width: 500px) 100vw, 500px\" \/><\/figure><div class=\"wp-block-media-text__content\">\n<h2 class=\"wp-block-heading\">BRAHIM TURKI<\/h2>\n\n\n\n<p>Brahim est \u00e0 la fois auditeur aux comptes, expert en mati\u00e8re d&rsquo;investissement et de soci\u00e9t\u00e9s commerciales mais aussi sp\u00e9cialiste de la r\u00e9solution des conflits : conciliation, arbitrage international, m\u00e9diation.<\/p>\n\n\n\n<p><a href=\"\/uploads\/2021\/06\/Brahim_Turki_Bio.docx\" target=\"_blank\" rel=\"noreferrer noopener\">Lire sa bio.<\/a><\/p>\n<\/div><\/div>\n\n\n\n<div class=\"wp-block-media-text alignwide is-stacked-on-mobile\" style=\"grid-template-columns:28% auto\"><figure class=\"wp-block-media-text__media\"><img decoding=\"async\" src=\"https:\/\/akademie.dw.de\/tunisiamedia\/wp-content\/uploads\/2021\/08\/farouk_ali.jpg\" alt=\"Portrait Farouk Ali\" class=\"wp-image-5097 size-full\"\/><\/figure><div class=\"wp-block-media-text__content\">\n<h2 class=\"wp-block-heading\">FAROUK ALI<br>AlKhatt<\/h2>\n\n\n\n<p>Scientifique en Data et analyste de donn\u00e9es sp\u00e9cialis\u00e9 dans les projets NLP et deep learning, Farouk analyse les donn\u00e9es d&rsquo;audience pour inkyfada.com et fait de la recherche pour Inkylab dans le d\u00e9partement data science.<\/p>\n<\/div><\/div>\n\n\n\n<div class=\"wp-block-media-text alignwide is-stacked-on-mobile\" style=\"grid-template-columns:28% auto\"><figure class=\"wp-block-media-text__media\"><img decoding=\"async\" src=\"https:\/\/akademie.dw.de\/tunisiamedia\/wp-content\/uploads\/2021\/08\/marwen_ben_mustapha.jpg\" alt=\"Portrait Marwen ben Mustapha\" class=\"wp-image-5100 size-full\"\/><\/figure><div class=\"wp-block-media-text__content\">\n<h2 class=\"wp-block-heading\">MARWEN BEN MUSTAPHA<br>AlKhatt<\/h2>\n\n\n\n<p>Marwen Ben Mustapha est designer graphique sp\u00e9cialis\u00e9 en journalisme visual et data visualisation. Il est aussi illustrateur et formateur en design graphique pour les m\u00e9dias. Il est responsable du d\u00e9partement Design \u00e0 inkyfada.com et a une exp\u00e9rience de plus de 12 ans dans l\u2019univers du design graphique, du Web design et de la direction artistique.&nbsp;<\/p>\n<\/div><\/div>\n\n\n\n<div class=\"wp-block-media-text alignwide is-stacked-on-mobile\" style=\"grid-template-columns:28% auto\"><figure class=\"wp-block-media-text__media\"><img loading=\"lazy\" decoding=\"async\" width=\"500\" height=\"500\" src=\"https:\/\/akademie.dw.de\/tunisiamedia\/wp-content\/uploads\/2020\/04\/TEAM_MLT_malek2.jpg\" alt=\"Portrait Malek Khadhraoui\" class=\"wp-image-3382 size-full\" srcset=\"https:\/\/techsupport-dev.de\/tunisiamedia\/wp-content\/uploads\/2020\/04\/TEAM_MLT_malek2.jpg 500w, https:\/\/techsupport-dev.de\/tunisiamedia\/wp-content\/uploads\/2020\/04\/TEAM_MLT_malek2-350x350.jpg 350w, https:\/\/techsupport-dev.de\/tunisiamedia\/wp-content\/uploads\/2020\/04\/TEAM_MLT_malek2-150x150.jpg 150w, https:\/\/techsupport-dev.de\/tunisiamedia\/wp-content\/uploads\/2020\/04\/TEAM_MLT_malek2-100x100.jpg 100w, https:\/\/techsupport-dev.de\/tunisiamedia\/wp-content\/uploads\/2020\/04\/TEAM_MLT_malek2-24x24.jpg 24w, https:\/\/techsupport-dev.de\/tunisiamedia\/wp-content\/uploads\/2020\/04\/TEAM_MLT_malek2-36x36.jpg 36w, https:\/\/techsupport-dev.de\/tunisiamedia\/wp-content\/uploads\/2020\/04\/TEAM_MLT_malek2-48x48.jpg 48w\" sizes=\"auto, (max-width: 500px) 100vw, 500px\" \/><\/figure><div class=\"wp-block-media-text__content\">\n<h2 class=\"wp-block-heading\">MALEK KHADHRAOUI<br>AlKhatt<\/h2>\n\n\n\n<p>Malek est journaliste et formateur, directeur de la publication de www.inkyfada.com. Il est aussi directeur ex\u00e9cutif d\u2019Al Khatt.<\/p>\n<\/div><\/div>\n\n\n\n<div class=\"wp-block-media-text alignwide is-stacked-on-mobile\" style=\"grid-template-columns:30% auto\"><figure class=\"wp-block-media-text__media\"><img decoding=\"async\" src=\"http:\/\/akademie.dw.de\/tunisiamedia\/wp-content\/uploads\/2020\/04\/TEAM_MLT_amel2.jpg\" alt=\"Portrait Amel\" class=\"wp-image-5104 size-full\"\/><\/figure><div class=\"wp-block-media-text__content\">\n<h2 class=\"wp-block-heading\">Amel Saidane<\/h2>\n\n\n\n<p>Amel est consultante en transformation num\u00e9rique et entrepreneuse. En tant qu&rsquo;ing\u00e9nieur, elle a travaill\u00e9 dans des multinationales telles que Siemens et Microsoft. Elle a lanc\u00e9 plusieurs initiatives dans l&rsquo;\u00e9cosyst\u00e8me des startups tunisiennes comme la co-fondation d&rsquo;un incubateur de startups et d&rsquo;une association de startups pour donner la parole aux startups tunisiennes et les connecter avec le monde.<\/p>\n<\/div><\/div>\n\n\n\n<p><\/p>\n","protected":false},"excerpt":{"rendered":"<p>L&rsquo;\u00c9QUIPE SMA EXPERTS INES CHENIOUR Ines est consultante en entreprise et facilitatrice d&rsquo;approches centr\u00e9es sur l&rsquo;humain. Elle a fond\u00e9 COMMITT, un cabinet de conseil engag\u00e9, sp\u00e9cialis\u00e9 dans les m\u00e9thodologies d&rsquo;innovation et la d\u00e9mocratisation des exp\u00e9riences d&rsquo;apprentissage. Lire sa bio (en anglais). AMINA ELLOUZE Amina est coach professionnel &#8211; formatrice &#8211; enseignante exp\u00e9riment\u00e9e travaillant dans le &hellip; <\/p>\n<p class=\"link-more\"><a href=\"https:\/\/techsupport-dev.de\/tunisiamedia\/mlt-family-2\/\" class=\"more-link\">Continuer la lecture<span class=\"screen-reader-text\"> de &laquo;&nbsp;L&rsquo;\u00c9QUIPE&nbsp;&raquo;<\/span><\/a><\/p>\n","protected":false},"author":5,"featured_media":0,"parent":0,"menu_order":0,"comment_status":"closed","ping_status":"closed","template":"","meta":{"_monsterinsights_skip_tracking":false,"_monsterinsights_sitenote_active":false,"_monsterinsights_sitenote_note":"","_monsterinsights_sitenote_category":0,"footnotes":""},"class_list":["post-2997","page","type-page","status-publish","hentry"],"_links":{"self":[{"href":"https:\/\/techsupport-dev.de\/tunisiamedia\/wp-json\/wp\/v2\/pages\/2997","targetHints":{"allow":["GET"]}}],"collection":[{"href":"https:\/\/techsupport-dev.de\/tunisiamedia\/wp-json\/wp\/v2\/pages"}],"about":[{"href":"https:\/\/techsupport-dev.de\/tunisiamedia\/wp-json\/wp\/v2\/types\/page"}],"author":[{"embeddable":true,"href":"https:\/\/techsupport-dev.de\/tunisiamedia\/wp-json\/wp\/v2\/users\/5"}],"replies":[{"embeddable":true,"href":"https:\/\/techsupport-dev.de\/tunisiamedia\/wp-json\/wp\/v2\/comments?post=2997"}],"version-history":[{"count":38,"href":"https:\/\/techsupport-dev.de\/tunisiamedia\/wp-json\/wp\/v2\/pages\/2997\/revisions"}],"predecessor-version":[{"id":6890,"href":"https:\/\/techsupport-dev.de\/tunisiamedia\/wp-json\/wp\/v2\/pages\/2997\/revisions\/6890"}],"wp:attachment":[{"href":"https:\/\/techsupport-dev.de\/tunisiamedia\/wp-json\/wp\/v2\/media?parent=2997"}],"curies":[{"name":"wp","href":"https:\/\/api.w.org\/{rel}","templated":true}]}}