{"id":2504,"date":"2019-08-22T13:30:35","date_gmt":"2019-08-22T13:30:35","guid":{"rendered":"http:\/\/akademie.dw.de\/tunisiamedia\/?page_id=2504"},"modified":"2024-03-11T10:27:02","modified_gmt":"2024-03-11T10:27:02","slug":"presse","status":"publish","type":"page","link":"https:\/\/techsupport-dev.de\/tunisiamedia\/presse\/","title":{"rendered":"PRESSE"},"content":{"rendered":"\n<h1 class=\"wp-block-heading\" id=\"presse\">PRESSE<\/h1>\n\n\n\n<h3 class=\"wp-block-heading\">Contact<\/h3>\n\n\n\n<p>Pour toute demande de renseignement :<br><br>Cyrine Ben Saad<br><a href=\"mailto: Cyrine.BenSaad@dw.com\" data-type=\"mailto\" data-id=\"mailto: Cyrine.BenSaad@dw.com\">Cyrine.BenSaad@dw.com<br><\/a>+216 27 610 555<\/p>\n\n\n\n<p>Vous pouvez aussi nous contacter via :<br><a rel=\"noreferrer noopener\" href=\"mailto:Medialovestech@dw.com\" target=\"_blank\">medialovestech@dw.com<\/a><br><a rel=\"noreferrer noopener\" href=\"https:\/\/medialovestech.com\" target=\"_blank\">Medialovestech.com<\/a><br><a rel=\"noreferrer noopener\" href=\"https:\/\/www.facebook.com\/Medialovestech\" target=\"_blank\">Facebook.com\/Medialovestech<\/a><\/p>\n\n\n\n<h3 class=\"wp-block-heading\">Comp\u00e9tition<\/h3>\n\n\n\n<p>Les candidatures sont ouvertes du 15 mars au 15 avril 2024 sur <a href=\"\/tunisiamedia\/application\/\">medialovestech.com<\/a><\/p>\n\n\n\n<h3 class=\"wp-block-heading\">Communiqu\u00e9s de presse<\/h3>\n\n\n\n<p>Lancement du SMART MEDIA ACCELERATOR 2024 (\u00e0 venir)<\/p>\n\n\n\n<h3 class=\"wp-block-heading\">Timeline<\/h3>\n\n\n\n<figure class=\"wp-block-image size-large\"><img loading=\"lazy\" decoding=\"async\" width=\"1024\" height=\"523\" src=\"https:\/\/akademie.dw.de\/tunisiamedia\/wp-content\/uploads\/2023\/05\/DNM23-TN110_DW-timeline-2023-V01_SchPau-1024x523.jpg\" alt=\"\" class=\"wp-image-6020\" srcset=\"https:\/\/techsupport-dev.de\/tunisiamedia\/wp-content\/uploads\/2023\/05\/DNM23-TN110_DW-timeline-2023-V01_SchPau-1024x523.jpg 1024w, https:\/\/techsupport-dev.de\/tunisiamedia\/wp-content\/uploads\/2023\/05\/DNM23-TN110_DW-timeline-2023-V01_SchPau-350x179.jpg 350w, https:\/\/techsupport-dev.de\/tunisiamedia\/wp-content\/uploads\/2023\/05\/DNM23-TN110_DW-timeline-2023-V01_SchPau-768x392.jpg 768w, https:\/\/techsupport-dev.de\/tunisiamedia\/wp-content\/uploads\/2023\/05\/DNM23-TN110_DW-timeline-2023-V01_SchPau-24x12.jpg 24w, https:\/\/techsupport-dev.de\/tunisiamedia\/wp-content\/uploads\/2023\/05\/DNM23-TN110_DW-timeline-2023-V01_SchPau-36x18.jpg 36w, https:\/\/techsupport-dev.de\/tunisiamedia\/wp-content\/uploads\/2023\/05\/DNM23-TN110_DW-timeline-2023-V01_SchPau-48x25.jpg 48w, https:\/\/techsupport-dev.de\/tunisiamedia\/wp-content\/uploads\/2023\/05\/DNM23-TN110_DW-timeline-2023-V01_SchPau.jpg 1440w\" sizes=\"auto, (max-width: 767px) 89vw, (max-width: 1000px) 54vw, (max-width: 1071px) 543px, 580px\" \/><\/figure>\n\n\n\n<h3 class=\"wp-block-heading\">MLT SUR YOUTUBE<\/h3>\n\n\n\n<figure class=\"wp-block-image size-large\"><a href=\"https:\/\/www.youtube.com\/channel\/UChpMkuexZVU3UOaKPENwzug\" target=\"_blank\" rel=\"noopener noreferrer\"><img loading=\"lazy\" decoding=\"async\" width=\"1024\" height=\"556\" src=\"https:\/\/akademie.dw.de\/tunisiamedia\/wp-content\/uploads\/2020\/06\/MLT_YOUTUBE-1024x556.jpg\" alt=\"\" class=\"wp-image-3508\" srcset=\"https:\/\/techsupport-dev.de\/tunisiamedia\/wp-content\/uploads\/2020\/06\/MLT_YOUTUBE-1024x556.jpg 1024w, https:\/\/techsupport-dev.de\/tunisiamedia\/wp-content\/uploads\/2020\/06\/MLT_YOUTUBE-350x190.jpg 350w, https:\/\/techsupport-dev.de\/tunisiamedia\/wp-content\/uploads\/2020\/06\/MLT_YOUTUBE-768x417.jpg 768w, https:\/\/techsupport-dev.de\/tunisiamedia\/wp-content\/uploads\/2020\/06\/MLT_YOUTUBE.jpg 1315w\" sizes=\"auto, (max-width: 767px) 89vw, (max-width: 1000px) 54vw, (max-width: 1071px) 543px, 580px\" \/><\/a><\/figure>\n\n\n\n<h2 class=\"wp-block-heading\">LOGOS<\/h2>\n\n\n\n<figure class=\"wp-block-gallery has-nested-images columns-6 is-cropped wp-block-gallery-1 is-layout-flex wp-block-gallery-is-layout-flex\">\n<figure class=\"wp-block-image size-large\"><a href=\"http:\/\/akademie.dw.de\/tunisiamedia\/wp-content\/uploads\/2020\/12\/Logo_BMZ-FR-1024x745.jpg\"><img loading=\"lazy\" decoding=\"async\" width=\"1024\" height=\"745\" data-id=\"4238\" src=\"http:\/\/akademie.dw.de\/tunisiamedia\/wp-content\/uploads\/2020\/12\/Logo_BMZ-FR-1024x745.jpg\" alt=\"\" class=\"wp-image-4238\" srcset=\"https:\/\/techsupport-dev.de\/tunisiamedia\/wp-content\/uploads\/2020\/12\/Logo_BMZ-FR-1024x745.jpg 1024w, https:\/\/techsupport-dev.de\/tunisiamedia\/wp-content\/uploads\/2020\/12\/Logo_BMZ-FR-350x255.jpg 350w, https:\/\/techsupport-dev.de\/tunisiamedia\/wp-content\/uploads\/2020\/12\/Logo_BMZ-FR-768x559.jpg 768w, https:\/\/techsupport-dev.de\/tunisiamedia\/wp-content\/uploads\/2020\/12\/Logo_BMZ-FR-24x17.jpg 24w, https:\/\/techsupport-dev.de\/tunisiamedia\/wp-content\/uploads\/2020\/12\/Logo_BMZ-FR-36x26.jpg 36w, https:\/\/techsupport-dev.de\/tunisiamedia\/wp-content\/uploads\/2020\/12\/Logo_BMZ-FR-48x35.jpg 48w, https:\/\/techsupport-dev.de\/tunisiamedia\/wp-content\/uploads\/2020\/12\/Logo_BMZ-FR.jpg 1039w\" sizes=\"auto, (max-width: 767px) 89vw, (max-width: 1000px) 54vw, (max-width: 1071px) 543px, 580px\" \/><\/a><\/figure>\n\n\n\n<figure class=\"wp-block-image size-large\"><a href=\"http:\/\/akademie.dw.de\/tunisiamedia\/wp-content\/uploads\/2020\/12\/Logo_BMZ-EN-1024x745.jpg\"><img loading=\"lazy\" decoding=\"async\" width=\"1024\" height=\"745\" data-id=\"4235\" src=\"http:\/\/akademie.dw.de\/tunisiamedia\/wp-content\/uploads\/2020\/12\/Logo_BMZ-EN-1024x745.jpg\" alt=\"\" class=\"wp-image-4235\" srcset=\"https:\/\/techsupport-dev.de\/tunisiamedia\/wp-content\/uploads\/2020\/12\/Logo_BMZ-EN-1024x745.jpg 1024w, https:\/\/techsupport-dev.de\/tunisiamedia\/wp-content\/uploads\/2020\/12\/Logo_BMZ-EN-350x255.jpg 350w, https:\/\/techsupport-dev.de\/tunisiamedia\/wp-content\/uploads\/2020\/12\/Logo_BMZ-EN-768x559.jpg 768w, https:\/\/techsupport-dev.de\/tunisiamedia\/wp-content\/uploads\/2020\/12\/Logo_BMZ-EN-24x17.jpg 24w, https:\/\/techsupport-dev.de\/tunisiamedia\/wp-content\/uploads\/2020\/12\/Logo_BMZ-EN-36x26.jpg 36w, https:\/\/techsupport-dev.de\/tunisiamedia\/wp-content\/uploads\/2020\/12\/Logo_BMZ-EN-48x35.jpg 48w, https:\/\/techsupport-dev.de\/tunisiamedia\/wp-content\/uploads\/2020\/12\/Logo_BMZ-EN.jpg 1039w\" sizes=\"auto, (max-width: 767px) 89vw, (max-width: 1000px) 54vw, (max-width: 1071px) 543px, 580px\" \/><\/a><\/figure>\n\n\n\n<figure class=\"wp-block-image size-large\"><a href=\"http:\/\/akademie.dw.de\/tunisiamedia\/wp-content\/uploads\/2020\/12\/Logo_BMZ-1024x745.jpg\"><img loading=\"lazy\" decoding=\"async\" width=\"1024\" height=\"745\" data-id=\"4232\" src=\"http:\/\/akademie.dw.de\/tunisiamedia\/wp-content\/uploads\/2020\/12\/Logo_BMZ-1024x745.jpg\" alt=\"\" class=\"wp-image-4232\" srcset=\"https:\/\/techsupport-dev.de\/tunisiamedia\/wp-content\/uploads\/2020\/12\/Logo_BMZ-1024x745.jpg 1024w, https:\/\/techsupport-dev.de\/tunisiamedia\/wp-content\/uploads\/2020\/12\/Logo_BMZ-350x255.jpg 350w, https:\/\/techsupport-dev.de\/tunisiamedia\/wp-content\/uploads\/2020\/12\/Logo_BMZ-768x559.jpg 768w, https:\/\/techsupport-dev.de\/tunisiamedia\/wp-content\/uploads\/2020\/12\/Logo_BMZ-24x17.jpg 24w, https:\/\/techsupport-dev.de\/tunisiamedia\/wp-content\/uploads\/2020\/12\/Logo_BMZ-36x26.jpg 36w, https:\/\/techsupport-dev.de\/tunisiamedia\/wp-content\/uploads\/2020\/12\/Logo_BMZ-48x35.jpg 48w, https:\/\/techsupport-dev.de\/tunisiamedia\/wp-content\/uploads\/2020\/12\/Logo_BMZ.jpg 1039w\" sizes=\"auto, (max-width: 767px) 89vw, (max-width: 1000px) 54vw, (max-width: 1071px) 543px, 580px\" \/><\/a><\/figure>\n\n\n\n<figure class=\"wp-block-image size-large\"><a href=\"http:\/\/akademie.dw.de\/tunisiamedia\/wp-content\/uploads\/2020\/12\/logo-alkhatt-light.png\"><img loading=\"lazy\" decoding=\"async\" width=\"600\" height=\"222\" data-id=\"4241\" src=\"http:\/\/akademie.dw.de\/tunisiamedia\/wp-content\/uploads\/2020\/12\/logo-alkhatt-light.png\" alt=\"\" class=\"wp-image-4241\" srcset=\"https:\/\/techsupport-dev.de\/tunisiamedia\/wp-content\/uploads\/2020\/12\/logo-alkhatt-light.png 600w, https:\/\/techsupport-dev.de\/tunisiamedia\/wp-content\/uploads\/2020\/12\/logo-alkhatt-light-350x130.png 350w, https:\/\/techsupport-dev.de\/tunisiamedia\/wp-content\/uploads\/2020\/12\/logo-alkhatt-light-24x9.png 24w, https:\/\/techsupport-dev.de\/tunisiamedia\/wp-content\/uploads\/2020\/12\/logo-alkhatt-light-36x13.png 36w, https:\/\/techsupport-dev.de\/tunisiamedia\/wp-content\/uploads\/2020\/12\/logo-alkhatt-light-48x18.png 48w\" sizes=\"auto, (max-width: 600px) 100vw, 600px\" \/><\/a><\/figure>\n\n\n\n<figure class=\"wp-block-image size-large\"><a href=\"http:\/\/akademie.dw.de\/tunisiamedia\/wp-content\/uploads\/2020\/12\/LOGO-JPG_DWA-Standard-Logo-Print_VFD_2019-02-27_SchMar-1024x407.jpg\"><img loading=\"lazy\" decoding=\"async\" width=\"1024\" height=\"407\" data-id=\"4229\" src=\"http:\/\/akademie.dw.de\/tunisiamedia\/wp-content\/uploads\/2020\/12\/LOGO-JPG_DWA-Standard-Logo-Print_VFD_2019-02-27_SchMar-1024x407.jpg\" alt=\"\" class=\"wp-image-4229\" srcset=\"https:\/\/techsupport-dev.de\/tunisiamedia\/wp-content\/uploads\/2020\/12\/LOGO-JPG_DWA-Standard-Logo-Print_VFD_2019-02-27_SchMar-1024x407.jpg 1024w, https:\/\/techsupport-dev.de\/tunisiamedia\/wp-content\/uploads\/2020\/12\/LOGO-JPG_DWA-Standard-Logo-Print_VFD_2019-02-27_SchMar-350x139.jpg 350w, https:\/\/techsupport-dev.de\/tunisiamedia\/wp-content\/uploads\/2020\/12\/LOGO-JPG_DWA-Standard-Logo-Print_VFD_2019-02-27_SchMar-768x306.jpg 768w, https:\/\/techsupport-dev.de\/tunisiamedia\/wp-content\/uploads\/2020\/12\/LOGO-JPG_DWA-Standard-Logo-Print_VFD_2019-02-27_SchMar-1536x611.jpg 1536w, https:\/\/techsupport-dev.de\/tunisiamedia\/wp-content\/uploads\/2020\/12\/LOGO-JPG_DWA-Standard-Logo-Print_VFD_2019-02-27_SchMar-2048x815.jpg 2048w, https:\/\/techsupport-dev.de\/tunisiamedia\/wp-content\/uploads\/2020\/12\/LOGO-JPG_DWA-Standard-Logo-Print_VFD_2019-02-27_SchMar-24x10.jpg 24w, https:\/\/techsupport-dev.de\/tunisiamedia\/wp-content\/uploads\/2020\/12\/LOGO-JPG_DWA-Standard-Logo-Print_VFD_2019-02-27_SchMar-36x14.jpg 36w, https:\/\/techsupport-dev.de\/tunisiamedia\/wp-content\/uploads\/2020\/12\/LOGO-JPG_DWA-Standard-Logo-Print_VFD_2019-02-27_SchMar-48x19.jpg 48w\" sizes=\"auto, (max-width: 767px) 89vw, (max-width: 1000px) 54vw, (max-width: 1071px) 543px, 580px\" \/><\/a><\/figure>\n\n\n\n<figure class=\"wp-block-image size-full\"><a href=\"https:\/\/akademie.dw.de\/tunisiamedia\/wp-content\/uploads\/2023\/06\/DWA-MLT-Facebook_820x360-EN-EU_Logo-1.png\"><img loading=\"lazy\" decoding=\"async\" width=\"820\" height=\"360\" data-id=\"6529\" src=\"https:\/\/akademie.dw.de\/tunisiamedia\/wp-content\/uploads\/2023\/06\/DWA-MLT-Facebook_820x360-EN-EU_Logo-1.png\" alt=\"\" class=\"wp-image-6529\" srcset=\"https:\/\/techsupport-dev.de\/tunisiamedia\/wp-content\/uploads\/2023\/06\/DWA-MLT-Facebook_820x360-EN-EU_Logo-1.png 820w, https:\/\/techsupport-dev.de\/tunisiamedia\/wp-content\/uploads\/2023\/06\/DWA-MLT-Facebook_820x360-EN-EU_Logo-1-350x154.png 350w, https:\/\/techsupport-dev.de\/tunisiamedia\/wp-content\/uploads\/2023\/06\/DWA-MLT-Facebook_820x360-EN-EU_Logo-1-768x337.png 768w, https:\/\/techsupport-dev.de\/tunisiamedia\/wp-content\/uploads\/2023\/06\/DWA-MLT-Facebook_820x360-EN-EU_Logo-1-24x11.png 24w, https:\/\/techsupport-dev.de\/tunisiamedia\/wp-content\/uploads\/2023\/06\/DWA-MLT-Facebook_820x360-EN-EU_Logo-1-36x16.png 36w, https:\/\/techsupport-dev.de\/tunisiamedia\/wp-content\/uploads\/2023\/06\/DWA-MLT-Facebook_820x360-EN-EU_Logo-1-48x21.png 48w\" sizes=\"auto, (max-width: 767px) 89vw, (max-width: 1000px) 54vw, (max-width: 1071px) 543px, 580px\" \/><\/a><\/figure>\n\n\n\n<figure class=\"wp-block-image size-large\"><a href=\"https:\/\/akademie.dw.de\/tunisiamedia\/wp-content\/uploads\/2023\/05\/DWA-MLT-Profilbild_800x800.png\"><img loading=\"lazy\" decoding=\"async\" width=\"1024\" height=\"1024\" data-id=\"6000\" src=\"https:\/\/akademie.dw.de\/tunisiamedia\/wp-content\/uploads\/2023\/05\/DWA-MLT-Profilbild_800x800-1024x1024.png\" alt=\"\" class=\"wp-image-6000\" srcset=\"https:\/\/techsupport-dev.de\/tunisiamedia\/wp-content\/uploads\/2023\/05\/DWA-MLT-Profilbild_800x800-1024x1024.png 1024w, https:\/\/techsupport-dev.de\/tunisiamedia\/wp-content\/uploads\/2023\/05\/DWA-MLT-Profilbild_800x800-350x350.png 350w, https:\/\/techsupport-dev.de\/tunisiamedia\/wp-content\/uploads\/2023\/05\/DWA-MLT-Profilbild_800x800-150x150.png 150w, https:\/\/techsupport-dev.de\/tunisiamedia\/wp-content\/uploads\/2023\/05\/DWA-MLT-Profilbild_800x800-768x768.png 768w, https:\/\/techsupport-dev.de\/tunisiamedia\/wp-content\/uploads\/2023\/05\/DWA-MLT-Profilbild_800x800-1536x1536.png 1536w, https:\/\/techsupport-dev.de\/tunisiamedia\/wp-content\/uploads\/2023\/05\/DWA-MLT-Profilbild_800x800-100x100.png 100w, https:\/\/techsupport-dev.de\/tunisiamedia\/wp-content\/uploads\/2023\/05\/DWA-MLT-Profilbild_800x800-24x24.png 24w, https:\/\/techsupport-dev.de\/tunisiamedia\/wp-content\/uploads\/2023\/05\/DWA-MLT-Profilbild_800x800-36x36.png 36w, https:\/\/techsupport-dev.de\/tunisiamedia\/wp-content\/uploads\/2023\/05\/DWA-MLT-Profilbild_800x800-48x48.png 48w, https:\/\/techsupport-dev.de\/tunisiamedia\/wp-content\/uploads\/2023\/05\/DWA-MLT-Profilbild_800x800.png 1667w\" sizes=\"auto, (max-width: 767px) 89vw, (max-width: 1000px) 54vw, (max-width: 1071px) 543px, 580px\" \/><\/a><\/figure>\n\n\n\n<figure class=\"wp-block-image size-large\"><a href=\"https:\/\/akademie.dw.de\/tunisiamedia\/wp-content\/uploads\/2023\/06\/DWA-MLT-Algemein_1920x1080-EN-EU_Logo-1.png\"><img loading=\"lazy\" decoding=\"async\" width=\"1024\" height=\"576\" data-id=\"6536\" src=\"https:\/\/akademie.dw.de\/tunisiamedia\/wp-content\/uploads\/2023\/06\/DWA-MLT-Algemein_1920x1080-EN-EU_Logo-1-1024x576.png\" alt=\"\" class=\"wp-image-6536\" srcset=\"https:\/\/techsupport-dev.de\/tunisiamedia\/wp-content\/uploads\/2023\/06\/DWA-MLT-Algemein_1920x1080-EN-EU_Logo-1-1024x576.png 1024w, https:\/\/techsupport-dev.de\/tunisiamedia\/wp-content\/uploads\/2023\/06\/DWA-MLT-Algemein_1920x1080-EN-EU_Logo-1-350x197.png 350w, https:\/\/techsupport-dev.de\/tunisiamedia\/wp-content\/uploads\/2023\/06\/DWA-MLT-Algemein_1920x1080-EN-EU_Logo-1-768x432.png 768w, https:\/\/techsupport-dev.de\/tunisiamedia\/wp-content\/uploads\/2023\/06\/DWA-MLT-Algemein_1920x1080-EN-EU_Logo-1-1536x864.png 1536w, https:\/\/techsupport-dev.de\/tunisiamedia\/wp-content\/uploads\/2023\/06\/DWA-MLT-Algemein_1920x1080-EN-EU_Logo-1-24x14.png 24w, https:\/\/techsupport-dev.de\/tunisiamedia\/wp-content\/uploads\/2023\/06\/DWA-MLT-Algemein_1920x1080-EN-EU_Logo-1-36x20.png 36w, https:\/\/techsupport-dev.de\/tunisiamedia\/wp-content\/uploads\/2023\/06\/DWA-MLT-Algemein_1920x1080-EN-EU_Logo-1-48x27.png 48w, https:\/\/techsupport-dev.de\/tunisiamedia\/wp-content\/uploads\/2023\/06\/DWA-MLT-Algemein_1920x1080-EN-EU_Logo-1.png 1920w\" sizes=\"auto, (max-width: 767px) 89vw, (max-width: 1000px) 54vw, (max-width: 1071px) 543px, 580px\" \/><\/a><\/figure>\n\n\n\n<figure class=\"wp-block-image size-large\"><a href=\"https:\/\/akademie.dw.de\/tunisiamedia\/wp-content\/uploads\/2023\/05\/DWA-MLT-Logo-white.png\"><img loading=\"lazy\" decoding=\"async\" width=\"1024\" height=\"1024\" data-id=\"5959\" src=\"https:\/\/akademie.dw.de\/tunisiamedia\/wp-content\/uploads\/2023\/05\/DWA-MLT-Logo-white-1024x1024.png\" alt=\"\" class=\"wp-image-5959\" srcset=\"https:\/\/techsupport-dev.de\/tunisiamedia\/wp-content\/uploads\/2023\/05\/DWA-MLT-Logo-white-1024x1024.png 1024w, https:\/\/techsupport-dev.de\/tunisiamedia\/wp-content\/uploads\/2023\/05\/DWA-MLT-Logo-white-350x350.png 350w, https:\/\/techsupport-dev.de\/tunisiamedia\/wp-content\/uploads\/2023\/05\/DWA-MLT-Logo-white-150x150.png 150w, https:\/\/techsupport-dev.de\/tunisiamedia\/wp-content\/uploads\/2023\/05\/DWA-MLT-Logo-white-768x768.png 768w, https:\/\/techsupport-dev.de\/tunisiamedia\/wp-content\/uploads\/2023\/05\/DWA-MLT-Logo-white-1536x1536.png 1536w, https:\/\/techsupport-dev.de\/tunisiamedia\/wp-content\/uploads\/2023\/05\/DWA-MLT-Logo-white-100x100.png 100w, https:\/\/techsupport-dev.de\/tunisiamedia\/wp-content\/uploads\/2023\/05\/DWA-MLT-Logo-white-24x24.png 24w, https:\/\/techsupport-dev.de\/tunisiamedia\/wp-content\/uploads\/2023\/05\/DWA-MLT-Logo-white-36x36.png 36w, https:\/\/techsupport-dev.de\/tunisiamedia\/wp-content\/uploads\/2023\/05\/DWA-MLT-Logo-white-48x48.png 48w, https:\/\/techsupport-dev.de\/tunisiamedia\/wp-content\/uploads\/2023\/05\/DWA-MLT-Logo-white.png 2013w\" sizes=\"auto, (max-width: 767px) 89vw, (max-width: 1000px) 54vw, (max-width: 1071px) 543px, 580px\" \/><\/a><\/figure>\n\n\n\n<figure class=\"wp-block-image size-large\"><a href=\"https:\/\/akademie.dw.de\/tunisiamedia\/wp-content\/uploads\/2023\/05\/DWA-MLT-Logo_shadow-white.png\"><img loading=\"lazy\" decoding=\"async\" width=\"1024\" height=\"1024\" data-id=\"5956\" src=\"https:\/\/akademie.dw.de\/tunisiamedia\/wp-content\/uploads\/2023\/05\/DWA-MLT-Logo_shadow-white-1024x1024.png\" alt=\"\" class=\"wp-image-5956\" srcset=\"https:\/\/techsupport-dev.de\/tunisiamedia\/wp-content\/uploads\/2023\/05\/DWA-MLT-Logo_shadow-white-1024x1024.png 1024w, https:\/\/techsupport-dev.de\/tunisiamedia\/wp-content\/uploads\/2023\/05\/DWA-MLT-Logo_shadow-white-350x350.png 350w, https:\/\/techsupport-dev.de\/tunisiamedia\/wp-content\/uploads\/2023\/05\/DWA-MLT-Logo_shadow-white-150x150.png 150w, https:\/\/techsupport-dev.de\/tunisiamedia\/wp-content\/uploads\/2023\/05\/DWA-MLT-Logo_shadow-white-768x768.png 768w, https:\/\/techsupport-dev.de\/tunisiamedia\/wp-content\/uploads\/2023\/05\/DWA-MLT-Logo_shadow-white-1536x1536.png 1536w, https:\/\/techsupport-dev.de\/tunisiamedia\/wp-content\/uploads\/2023\/05\/DWA-MLT-Logo_shadow-white-2048x2048.png 2048w, https:\/\/techsupport-dev.de\/tunisiamedia\/wp-content\/uploads\/2023\/05\/DWA-MLT-Logo_shadow-white-100x100.png 100w, https:\/\/techsupport-dev.de\/tunisiamedia\/wp-content\/uploads\/2023\/05\/DWA-MLT-Logo_shadow-white-24x24.png 24w, https:\/\/techsupport-dev.de\/tunisiamedia\/wp-content\/uploads\/2023\/05\/DWA-MLT-Logo_shadow-white-36x36.png 36w, https:\/\/techsupport-dev.de\/tunisiamedia\/wp-content\/uploads\/2023\/05\/DWA-MLT-Logo_shadow-white-48x48.png 48w\" sizes=\"auto, (max-width: 767px) 89vw, (max-width: 1000px) 54vw, (max-width: 1071px) 543px, 580px\" \/><\/a><\/figure>\n\n\n\n<figure class=\"wp-block-image size-large\"><a href=\"https:\/\/akademie.dw.de\/tunisiamedia\/wp-content\/uploads\/2023\/05\/DWA-MLT-Logo.png\"><img loading=\"lazy\" decoding=\"async\" width=\"1024\" height=\"1024\" data-id=\"5950\" src=\"https:\/\/akademie.dw.de\/tunisiamedia\/wp-content\/uploads\/2023\/05\/DWA-MLT-Logo-1024x1024.png\" alt=\"\" class=\"wp-image-5950\" srcset=\"https:\/\/techsupport-dev.de\/tunisiamedia\/wp-content\/uploads\/2023\/05\/DWA-MLT-Logo-1024x1024.png 1024w, https:\/\/techsupport-dev.de\/tunisiamedia\/wp-content\/uploads\/2023\/05\/DWA-MLT-Logo-350x350.png 350w, https:\/\/techsupport-dev.de\/tunisiamedia\/wp-content\/uploads\/2023\/05\/DWA-MLT-Logo-150x150.png 150w, https:\/\/techsupport-dev.de\/tunisiamedia\/wp-content\/uploads\/2023\/05\/DWA-MLT-Logo-768x768.png 768w, https:\/\/techsupport-dev.de\/tunisiamedia\/wp-content\/uploads\/2023\/05\/DWA-MLT-Logo-1536x1536.png 1536w, https:\/\/techsupport-dev.de\/tunisiamedia\/wp-content\/uploads\/2023\/05\/DWA-MLT-Logo-100x100.png 100w, https:\/\/techsupport-dev.de\/tunisiamedia\/wp-content\/uploads\/2023\/05\/DWA-MLT-Logo-24x24.png 24w, https:\/\/techsupport-dev.de\/tunisiamedia\/wp-content\/uploads\/2023\/05\/DWA-MLT-Logo-36x36.png 36w, https:\/\/techsupport-dev.de\/tunisiamedia\/wp-content\/uploads\/2023\/05\/DWA-MLT-Logo-48x48.png 48w, https:\/\/techsupport-dev.de\/tunisiamedia\/wp-content\/uploads\/2023\/05\/DWA-MLT-Logo.png 2013w\" sizes=\"auto, (max-width: 767px) 89vw, (max-width: 1000px) 54vw, (max-width: 1071px) 543px, 580px\" \/><\/a><\/figure>\n\n\n\n<figure class=\"wp-block-image size-large\"><a href=\"https:\/\/akademie.dw.de\/tunisiamedia\/wp-content\/uploads\/2023\/05\/DWA-MLT-Logo_shadow.png\"><img loading=\"lazy\" decoding=\"async\" width=\"1024\" height=\"1024\" data-id=\"5953\" src=\"https:\/\/akademie.dw.de\/tunisiamedia\/wp-content\/uploads\/2023\/05\/DWA-MLT-Logo_shadow-1024x1024.png\" alt=\"\" class=\"wp-image-5953\" srcset=\"https:\/\/techsupport-dev.de\/tunisiamedia\/wp-content\/uploads\/2023\/05\/DWA-MLT-Logo_shadow-1024x1024.png 1024w, https:\/\/techsupport-dev.de\/tunisiamedia\/wp-content\/uploads\/2023\/05\/DWA-MLT-Logo_shadow-350x350.png 350w, https:\/\/techsupport-dev.de\/tunisiamedia\/wp-content\/uploads\/2023\/05\/DWA-MLT-Logo_shadow-150x150.png 150w, https:\/\/techsupport-dev.de\/tunisiamedia\/wp-content\/uploads\/2023\/05\/DWA-MLT-Logo_shadow-768x768.png 768w, https:\/\/techsupport-dev.de\/tunisiamedia\/wp-content\/uploads\/2023\/05\/DWA-MLT-Logo_shadow-1536x1536.png 1536w, https:\/\/techsupport-dev.de\/tunisiamedia\/wp-content\/uploads\/2023\/05\/DWA-MLT-Logo_shadow-2048x2048.png 2048w, https:\/\/techsupport-dev.de\/tunisiamedia\/wp-content\/uploads\/2023\/05\/DWA-MLT-Logo_shadow-100x100.png 100w, https:\/\/techsupport-dev.de\/tunisiamedia\/wp-content\/uploads\/2023\/05\/DWA-MLT-Logo_shadow-24x24.png 24w, https:\/\/techsupport-dev.de\/tunisiamedia\/wp-content\/uploads\/2023\/05\/DWA-MLT-Logo_shadow-36x36.png 36w, https:\/\/techsupport-dev.de\/tunisiamedia\/wp-content\/uploads\/2023\/05\/DWA-MLT-Logo_shadow-48x48.png 48w\" sizes=\"auto, (max-width: 767px) 89vw, (max-width: 1000px) 54vw, (max-width: 1071px) 543px, 580px\" \/><\/a><\/figure>\n\n\n\n<figure class=\"wp-block-image size-large\"><a href=\"https:\/\/akademie.dw.de\/tunisiamedia\/wp-content\/uploads\/2023\/05\/cropped-DWA-MLT-Logo_shadow.png\"><img loading=\"lazy\" decoding=\"async\" width=\"250\" height=\"250\" data-id=\"5962\" src=\"https:\/\/akademie.dw.de\/tunisiamedia\/wp-content\/uploads\/2023\/05\/cropped-DWA-MLT-Logo_shadow.png\" alt=\"\" class=\"wp-image-5962\" srcset=\"https:\/\/techsupport-dev.de\/tunisiamedia\/wp-content\/uploads\/2023\/05\/cropped-DWA-MLT-Logo_shadow.png 250w, https:\/\/techsupport-dev.de\/tunisiamedia\/wp-content\/uploads\/2023\/05\/cropped-DWA-MLT-Logo_shadow-150x150.png 150w, https:\/\/techsupport-dev.de\/tunisiamedia\/wp-content\/uploads\/2023\/05\/cropped-DWA-MLT-Logo_shadow-100x100.png 100w, https:\/\/techsupport-dev.de\/tunisiamedia\/wp-content\/uploads\/2023\/05\/cropped-DWA-MLT-Logo_shadow-24x24.png 24w, https:\/\/techsupport-dev.de\/tunisiamedia\/wp-content\/uploads\/2023\/05\/cropped-DWA-MLT-Logo_shadow-36x36.png 36w, https:\/\/techsupport-dev.de\/tunisiamedia\/wp-content\/uploads\/2023\/05\/cropped-DWA-MLT-Logo_shadow-48x48.png 48w\" sizes=\"auto, (max-width: 250px) 100vw, 250px\" \/><\/a><\/figure>\n<\/figure>\n\n\n\n<h2 class=\"wp-block-heading\"><br><a href=\"https:\/\/akademie.dw.de\/tunisiamedia\/wp-content\/uploads\/2023\/05\/DW-en-Tunisie_2023.pdf\" target=\"_blank\" rel=\"noreferrer noopener\">DW en Tunisie<\/a> (pdf)<\/h2>\n\n\n\n<p><\/p>\n\n\n\n<h1 class=\"wp-block-heading\" id=\"actus\"><\/h1>\n\n\n\n<h1 class=\"wp-block-heading\" id=\"archives\">ARCHIVES<\/h1>\n\n\n\n<p><\/p>\n\n\n\n<p>Retrouvez les infos officielles des \u00e9ditions pr\u00e9c\u00e9dentes sur cette <a href=\"https:\/\/akademie.dw.de\/tunisiamedia\/archives\/\" target=\"_blank\" rel=\"noreferrer noopener\">page d&rsquo;archives<\/a>.<\/p>\n\n\n\n<p><br><\/p>\n","protected":false},"excerpt":{"rendered":"<p>PRESSE Contact Pour toute demande de renseignement : Cyrine Ben SaadCyrine.BenSaad@dw.com+216 27 610 555 Vous pouvez aussi nous contacter via :medialovestech@dw.comMedialovestech.comFacebook.com\/Medialovestech Comp\u00e9tition Les candidatures sont ouvertes du 15 mars au 15 avril 2024 sur medialovestech.com Communiqu\u00e9s de presse Lancement du SMART MEDIA ACCELERATOR 2024 (\u00e0 venir) Timeline MLT SUR YOUTUBE LOGOS DW en Tunisie (pdf) &hellip; <\/p>\n<p class=\"link-more\"><a href=\"https:\/\/techsupport-dev.de\/tunisiamedia\/presse\/\" class=\"more-link\">Continuer la lecture<span class=\"screen-reader-text\"> de &laquo;&nbsp;PRESSE&nbsp;&raquo;<\/span><\/a><\/p>\n","protected":false},"author":5,"featured_media":0,"parent":0,"menu_order":0,"comment_status":"closed","ping_status":"closed","template":"","meta":{"_monsterinsights_skip_tracking":false,"_monsterinsights_sitenote_active":false,"_monsterinsights_sitenote_note":"","_monsterinsights_sitenote_category":0,"footnotes":""},"class_list":["post-2504","page","type-page","status-publish","hentry"],"_links":{"self":[{"href":"https:\/\/techsupport-dev.de\/tunisiamedia\/wp-json\/wp\/v2\/pages\/2504","targetHints":{"allow":["GET"]}}],"collection":[{"href":"https:\/\/techsupport-dev.de\/tunisiamedia\/wp-json\/wp\/v2\/pages"}],"about":[{"href":"https:\/\/techsupport-dev.de\/tunisiamedia\/wp-json\/wp\/v2\/types\/page"}],"author":[{"embeddable":true,"href":"https:\/\/techsupport-dev.de\/tunisiamedia\/wp-json\/wp\/v2\/users\/5"}],"replies":[{"embeddable":true,"href":"https:\/\/techsupport-dev.de\/tunisiamedia\/wp-json\/wp\/v2\/comments?post=2504"}],"version-history":[{"count":83,"href":"https:\/\/techsupport-dev.de\/tunisiamedia\/wp-json\/wp\/v2\/pages\/2504\/revisions"}],"predecessor-version":[{"id":7587,"href":"https:\/\/techsupport-dev.de\/tunisiamedia\/wp-json\/wp\/v2\/pages\/2504\/revisions\/7587"}],"wp:attachment":[{"href":"https:\/\/techsupport-dev.de\/tunisiamedia\/wp-json\/wp\/v2\/media?parent=2504"}],"curies":[{"name":"wp","href":"https:\/\/api.w.org\/{rel}","templated":true}]}}